{"id":1338,"date":"2025-02-18T09:37:46","date_gmt":"2025-02-18T09:37:46","guid":{"rendered":"https:\/\/driscoll.gomohealth.care\/wellness-visits\/"},"modified":"2025-02-18T09:39:19","modified_gmt":"2025-02-18T09:39:19","slug":"well-child-checkup","status":"publish","type":"page","link":"https:\/\/driscoll.gomohealth.care\/es\/well-child-checkup\/","title":{"rendered":"Wellness Visits"},"content":{"rendered":"<div class=\"fusion-fullwidth fullwidth-box fusion-builder-row-1 fusion-flex-container nonhundred-percent-fullwidth non-hundred-percent-height-scrolling\" style=\"background-color: rgba(255,255,255,0);background-position: center center;background-repeat: no-repeat;border-width: 0px 0px 0px 0px;border-color:#eae9e9;border-style:solid;\" id=\"gf_40\" ><div class=\"fusion-builder-row fusion-row fusion-flex-align-items-flex-start\" style=\"max-width:1064.96px;margin-left: calc(-4% \/ 2 );margin-right: calc(-4% \/ 2 );\"><div class=\"fusion-layout-column fusion_builder_column fusion-builder-column-0 fusion_builder_column_1_1 1_1 fusion-flex-column\"><div class=\"fusion-column-wrapper fusion-flex-justify-content-flex-start fusion-content-layout-column\" style=\"background-position:left top;background-repeat:no-repeat;-webkit-background-size:cover;-moz-background-size:cover;-o-background-size:cover;background-size:cover;padding: 0px 0px 0px 0px;\"><script type=\"text\/javascript\">var gform;gform||(document.addEventListener(\"gform_main_scripts_loaded\",function(){gform.scriptsLoaded=!0}),window.addEventListener(\"DOMContentLoaded\",function(){gform.domLoaded=!0}),gform={domLoaded:!1,scriptsLoaded:!1,initializeOnLoaded:function(o){gform.domLoaded&&gform.scriptsLoaded?o():!gform.domLoaded&&gform.scriptsLoaded?window.addEventListener(\"DOMContentLoaded\",o):document.addEventListener(\"gform_main_scripts_loaded\",o)},hooks:{action:{},filter:{}},addAction:function(o,n,r,t){gform.addHook(\"action\",o,n,r,t)},addFilter:function(o,n,r,t){gform.addHook(\"filter\",o,n,r,t)},doAction:function(o){gform.doHook(\"action\",o,arguments)},applyFilters:function(o){return gform.doHook(\"filter\",o,arguments)},removeAction:function(o,n){gform.removeHook(\"action\",o,n)},removeFilter:function(o,n,r){gform.removeHook(\"filter\",o,n,r)},addHook:function(o,n,r,t,i){null==gform.hooks[o][n]&&(gform.hooks[o][n]=[]);var e=gform.hooks[o][n];null==i&&(i=n+\"_\"+e.length),gform.hooks[o][n].push({tag:i,callable:r,priority:t=null==t?10:t})},doHook:function(n,o,r){var t;if(r=Array.prototype.slice.call(r,1),null!=gform.hooks[n][o]&&((o=gform.hooks[n][o]).sort(function(o,n){return o.priority-n.priority}),o.forEach(function(o){\"function\"!=typeof(t=o.callable)&&(t=window[t]),\"action\"==n?t.apply(null,r):r[0]=t.apply(null,r)})),\"filter\"==n)return r[0]},removeHook:function(o,n,t,i){var r;null!=gform.hooks[o][n]&&(r=(r=gform.hooks[o][n]).filter(function(o,n,r){return!!(null!=i&&i!=o.tag||null!=t&&t!=o.priority)}),gform.hooks[o][n]=r)}});<\/script>\n                <div class='gf_browser_gecko gform_wrapper gform_legacy_markup_wrapper' id='gform_wrapper_40' ><div id='gf_40' class='gform_anchor' tabindex='-1'><\/div><form method='post' enctype='multipart\/form-data' target='gform_ajax_frame_40' id='gform_40'  action='\/es\/wp-json\/wp\/v2\/pages\/1338#gf_40' ><input type=\"hidden\" value=\"0\" name=\"gpps_page_progression_40\" \/>\n                        <div class='gform_body gform-body'><div id='gform_page_40_1' class='gform_page' >\n                                    <div class='gform_page_fields'><ul id='gform_fields_40' class='gform_fields top_label form_sublabel_below description_below'><li id=\"field_40_19\"  class=\"gfield gform_hidden field_sublabel_below field_description_below gfield_visibility_visible\"  data-js-reload=\"field_40_19\"><div class='ginput_container ginput_container_text'><input name='input_19' id='input_40_19' type='hidden' class='gform_hidden'  aria-invalid=\"false\" value='' \/><\/div><\/li><li id=\"field_40_1\"  class=\"gfield gform_hidden field_sublabel_below field_description_below gfield_visibility_visible\"  data-js-reload=\"field_40_1\"><div class='ginput_container ginput_container_text'><input name='input_1' id='input_40_1' type='hidden' class='gform_hidden'  aria-invalid=\"false\" value='' \/><\/div><\/li><li id=\"field_40_3\"  class=\"gfield gform_hidden field_sublabel_below field_description_below gfield_visibility_visible\"  data-js-reload=\"field_40_3\"><div class='ginput_container ginput_container_text'><input name='input_3' id='input_40_3' type='hidden' class='gform_hidden'  aria-invalid=\"false\" value='https:\/\/driscoll.gomohealth.care\/es\/wp-json\/wp\/v2\/pages\/1338' \/><\/div><\/li><li id=\"field_40_4\"  class=\"gfield gform_hidden field_sublabel_below field_description_below gfield_visibility_visible\"  data-js-reload=\"field_40_4\"><div class='ginput_container ginput_container_text'><input name='input_4' id='input_40_4' type='hidden' class='gform_hidden'  aria-invalid=\"false\" value='' \/><\/div><\/li><li id=\"field_40_5\"  class=\"gfield gform_hidden field_sublabel_below field_description_below gfield_visibility_visible\"  data-js-reload=\"field_40_5\"><div class='ginput_container ginput_container_text'><input name='input_5' id='input_40_5' type='hidden' class='gform_hidden'  aria-invalid=\"false\" value='' \/><\/div><\/li><li id=\"field_40_6\"  class=\"gfield gform_hidden field_sublabel_below field_description_below gfield_visibility_visible\"  data-js-reload=\"field_40_6\"><div class='ginput_container ginput_container_text'><input name='input_6' id='input_40_6' type='hidden' class='gform_hidden'  aria-invalid=\"false\" value='' \/><\/div><\/li><li id=\"field_40_7\"  class=\"gfield gform_hidden field_sublabel_below field_description_below gfield_visibility_visible\"  data-js-reload=\"field_40_7\"><div class='ginput_container ginput_container_text'><input name='input_7' id='input_40_7' type='hidden' class='gform_hidden'  aria-invalid=\"false\" value='' \/><\/div><\/li><li id=\"field_40_8\"  class=\"gfield gform_hidden field_sublabel_below field_description_below gfield_visibility_visible\"  data-js-reload=\"field_40_8\"><div class='ginput_container ginput_container_text'><input name='input_8' id='input_40_8' type='hidden' class='gform_hidden'  aria-invalid=\"false\" value='' \/><\/div><\/li><li id=\"field_40_9\"  class=\"gfield gform_hidden field_sublabel_below field_description_below gfield_visibility_visible\"  data-js-reload=\"field_40_9\"><div class='ginput_container ginput_container_text'><input name='input_9' id='input_40_9' type='hidden' class='gform_hidden'  aria-invalid=\"false\" value='' \/><\/div><\/li><li id=\"field_40_10\"  class=\"gfield gform_hidden field_sublabel_below field_description_below gfield_visibility_visible\"  data-js-reload=\"field_40_10\"><div class='ginput_container ginput_container_text'><input name='input_10' id='input_40_10' type='hidden' class='gform_hidden'  aria-invalid=\"false\" value='' \/><\/div><\/li><li id=\"field_40_11\"  class=\"gfield gform_hidden field_sublabel_below field_description_below gfield_visibility_visible\"  data-js-reload=\"field_40_11\"><div class='ginput_container ginput_container_text'><input name='input_11' id='input_40_11' type='hidden' class='gform_hidden'  aria-invalid=\"false\" value='' \/><\/div><\/li><li id=\"field_40_12\"  class=\"gfield gform_hidden field_sublabel_below field_description_below gfield_visibility_visible\"  data-js-reload=\"field_40_12\"><div class='ginput_container ginput_container_text'><input name='input_12' id='input_40_12' type='hidden' class='gform_hidden'  aria-invalid=\"false\" value='' \/><\/div><\/li><li id=\"field_40_13\"  class=\"gfield gform_hidden field_sublabel_below field_description_below gfield_visibility_visible\"  data-js-reload=\"field_40_13\"><div class='ginput_container ginput_container_text'><input name='input_13' id='input_40_13' type='hidden' class='gform_hidden'  aria-invalid=\"false\" value='' \/><\/div><\/li><li id=\"field_40_20\"  class=\"gfield gform_hidden field_sublabel_below field_description_below gfield_visibility_visible\"  data-js-reload=\"field_40_20\"><div class='ginput_container ginput_container_text'><input name='input_20' id='input_40_20' type='hidden' class='gform_hidden'  aria-invalid=\"false\" value='' \/><\/div><\/li><li id=\"field_40_18\"  class=\"gfield gfield_html gfield_html_formatted gfield_no_follows_desc field_sublabel_below field_description_below gfield_visibility_visible\"  data-js-reload=\"field_40_18\"><p>Your child\u2019s health is important to us! You may be eligible for a $20 gift card. Please confirm we have the correct information about your child.<br\/>\n<span class=\"spanish-text\">La salud de su ni\u00f1o es importante para nosotros. Usted puede ser elegible para una tarjeta de regalo de $20. Por favor confirme si tenemos la informaci\u00f3n correcta.<\/span><\/p><\/li><\/ul>\n                    <\/div>\n                    <div class='gform_page_footer top_label'>\n                         <input type='button' id='gform_next_button_40_17' class='gform_next_button button' value='Next'  onclick='jQuery(\"#gform_target_page_number_40\").val(\"2\");  jQuery(\"#gform_40\").trigger(\"submit\",[true]); ' onkeypress='if( event.keyCode == 13 ){ jQuery(\"#gform_target_page_number_40\").val(\"2\");  jQuery(\"#gform_40\").trigger(\"submit\",[true]); } ' \/> \n                    <\/div>\n                <\/div>\n                <div id='gform_page_40_2' class='gform_page' style='display:none;'>\n                    <div class='gform_page_fields'>\n                        <ul id='gform_fields_40_2' class='gform_fields top_label form_sublabel_below description_below'><li id=\"field_40_16\"  class=\"gfield gfield_html gfield_html_formatted gfield_no_follows_desc field_sublabel_below field_description_below gfield_visibility_visible\"  data-js-reload=\"field_40_16\"><p>{Member First Name:5} {Member Last Name:6}  is due for a well-child checkup. Please contact your child\u2019s primary care provider listed below. If the PCP listed below is incorrect, please contact Driscoll Health Plan at <a href=\"tel:1-877-324-7543\">1-877-324-7543<\/a>.<br\/><br\/>\nIf {Member First Name:5} has already had a well-child checkup this year, please click button below.<br\/><br\/>\n<span class=\"spanish-text\">{Member First Name:5} {Member Last Name:6} se debe una visita de bienestar. Comun\u00edquese con el proveedor de atenci\u00f3n primaria de su hijo a continuaci\u00f3n. Si el PCP mencionado de abajo es incorrecto, por favor comun\u00edquese con Driscoll Health Plan al <a href=\"tel:1-877-324-7543\">1-877-324-7543<\/a>.<\/span><br\/><br\/>\n<span class=\"spanish-text\">Si {Member First Name:5} ya ha asistido a una visita de bienestar  este a\u00f1o, por favor haz  clic en el bot\u00f3n de abajo.<\/span><\/p>\n\n<div class=\"provider-details\">\n<span class=\"provider-name\" style=\"font-weight:bold;\">{Provider Name:8}<\/span><br\/>\n<span class=\"provider-address\">{Provider Address:9}<\/span><br\/>\n<span class=\"provider-address-2\">{Provider City:10}, {Provider State:11} {Provider Zip Code:12} <\/span><br\/>\n<p><a href=\"tel:{Provider Office Number:13}\" onclick=\"document.getElementById('gform_submit_button_40').click();\" target=\"_blank\" style=\"font-weight:bold;\">{Provider Office Number:13}<\/a><\/p>\n<\/div>\n\n<a class=\"red-button\" href=\"http:\/\/gcv.me\/b8cfa8{subsid:19}\">WELL-CHILD CHECKUP FOR THIS CHILD WAS COMPLETED THIS YEAR<br\/>\nEL CHEQUEO DE NI\u00d1O SANO PARA ESTE NI\u00d1O SE COMPLET\u00d3 ESTE A\u00d1O \n<\/a>\n\n<p style=\"text-align: center;\" class=\"small-txt\">Members who completed their Well-Child Checkup are eligible for a $20 gift card each year.<br\/>\n<span class=\"smaller-txt\">Restrictions and limitations apply<\/span><\/p>\n<p style=\"text-align: center;\" class=\"small-txt spanish-text\">Los miembros que completaron su chequeo de ni\u00f1o sano son elegibles para una tarjeta de regalo de $20 cada a\u00f1o.<br\/>\n<span class=\"smaller-txt spanish-text\">Se aplican restricciones y limitaciones<\/span><\/p>\n<\/li><\/ul><\/div>\n        <div class='gform_page_footer top_label'><input type='submit' id='gform_previous_button_40' class='gform_previous_button button' value='Previous'  onclick='if(window[\"gf_submitting_40\"]){return false;}  window[\"gf_submitting_40\"]=true;  ' onkeypress='if( event.keyCode == 13 ){ if(window[\"gf_submitting_40\"]){return false;} window[\"gf_submitting_40\"]=true;  jQuery(\"#gform_40\").trigger(\"submit\",[true]); }' \/> <input type='submit' id='gform_submit_button_40' class='gform_button button' value='Submit'  onclick='if(window[\"gf_submitting_40\"]){return false;}  window[\"gf_submitting_40\"]=true;  ' onkeypress='if( event.keyCode == 13 ){ if(window[\"gf_submitting_40\"]){return false;} window[\"gf_submitting_40\"]=true;  jQuery(\"#gform_40\").trigger(\"submit\",[true]); }' \/> <input type='hidden' name='gform_ajax' value='form_id=40&amp;title=&amp;description=&amp;tabindex=0' \/>\n            <input type='hidden' class='gform_hidden' name='is_submit_40' value='1' \/>\n            <input type='hidden' class='gform_hidden' name='gform_submit' value='40' \/>\n            \n            <input type='hidden' class='gform_hidden' name='gform_unique_id' value='' \/>\n            <input type='hidden' class='gform_hidden' name='state_40' value='WyJbXSIsIjI4OGJiZjIyYWI5ZDFhYjgzOTIwYTUwODNlODQ2YzBlIl0=' \/>\n            <input type='hidden' class='gform_hidden' name='gform_target_page_number_40' id='gform_target_page_number_40' value='2' \/>\n            <input type='hidden' class='gform_hidden' name='gform_source_page_number_40' id='gform_source_page_number_40' value='1' \/>\n            <input type='hidden' name='gform_field_values' value='' \/>\n            \n        <\/div>\n                        <\/div><\/div>\n                        <p style=\"display: none !important;\"><label>&#916;<textarea name=\"ak_hp_textarea\" cols=\"45\" rows=\"8\" maxlength=\"100\"><\/textarea><\/label><input type=\"hidden\" id=\"ak_js_1\" name=\"ak_js\" value=\"49\"\/><script>document.getElementById( \"ak_js_1\" ).setAttribute( \"value\", ( new Date() ).getTime() );<\/script><\/p><\/form>\n                        <\/div>\n                <iframe style='display:none;width:0px;height:0px;' src='about:blank' name='gform_ajax_frame_40' id='gform_ajax_frame_40' title='Este iframe contiene la l\u00f3gica necesaria para gestionar formularios con ajax activado.'><\/iframe>\n                <script type=\"text\/javascript\">\ngform.initializeOnLoaded( function() {gformInitSpinner( 40, '\/wp-content\/plugins\/gravityforms\/images\/spinner.svg' );jQuery('#gform_ajax_frame_40').on('load',function(){var contents = jQuery(this).contents().find('*').html();var is_postback = contents.indexOf('GF_AJAX_POSTBACK') >= 0;if(!is_postback){return;}var form_content = jQuery(this).contents().find('#gform_wrapper_40');var is_confirmation = jQuery(this).contents().find('#gform_confirmation_wrapper_40').length > 0;var is_redirect = contents.indexOf('gformRedirect(){') >= 0;var is_form = form_content.length > 0 && ! is_redirect && ! is_confirmation;var mt = parseInt(jQuery('html').css('margin-top'), 10) + parseInt(jQuery('body').css('margin-top'), 10) + 100;if(is_form){jQuery('#gform_wrapper_40').html(form_content.html());if(form_content.hasClass('gform_validation_error')){jQuery('#gform_wrapper_40').addClass('gform_validation_error');} else {jQuery('#gform_wrapper_40').removeClass('gform_validation_error');}setTimeout( function() { \/* delay the scroll by 50 milliseconds to fix a bug in chrome *\/ jQuery(document).scrollTop(jQuery('#gform_wrapper_40').offset().top - mt); }, 50 );if(window['gformInitDatepicker']) {gformInitDatepicker();}if(window['gformInitPriceFields']) {gformInitPriceFields();}var current_page = jQuery('#gform_source_page_number_40').val();gformInitSpinner( 40, '\/wp-content\/plugins\/gravityforms\/images\/spinner.svg' );jQuery(document).trigger('gform_page_loaded', [40, current_page]);window['gf_submitting_40'] = false;}else if(!is_redirect){var confirmation_content = jQuery(this).contents().find('.GF_AJAX_POSTBACK').html();if(!confirmation_content){confirmation_content = contents;}setTimeout(function(){jQuery('#gform_wrapper_40').replaceWith(confirmation_content);jQuery(document).scrollTop(jQuery('#gf_40').offset().top - mt);jQuery(document).trigger('gform_confirmation_loaded', [40]);window['gf_submitting_40'] = false;wp.a11y.speak(jQuery('#gform_confirmation_message_40').text());}, 50);}else{jQuery('#gform_40').append(contents);if(window['gformRedirect']) {gformRedirect();}}jQuery(document).trigger('gform_post_render', [40, current_page]);} );} );\n<\/script>\n<\/div><style type=\"text\/css\">.fusion-body .fusion-builder-column-0{width:100% !important;margin-top : 0px;margin-bottom : 20px;}.fusion-builder-column-0 > .fusion-column-wrapper {padding-top : 0px !important;padding-right : 0px !important;margin-right : 1.92%;padding-bottom : 0px !important;padding-left : 0px !important;margin-left : 1.92%;}@media only screen and (max-width:1024px) {.fusion-body .fusion-builder-column-0{width:100% !important;order : 0;}.fusion-builder-column-0 > .fusion-column-wrapper {margin-right : 1.92%;margin-left : 1.92%;}}@media only screen and (max-width:640px) {.fusion-body .fusion-builder-column-0{width:100% !important;order : 0;}.fusion-builder-column-0 > .fusion-column-wrapper {margin-right : 1.92%;margin-left : 1.92%;}}<\/style><\/div><\/div><style type=\"text\/css\">.fusion-body .fusion-flex-container.fusion-builder-row-1{ padding-top : 0px;margin-top : 0px;padding-right : 0px;padding-bottom : 0px;margin-bottom : 0px;padding-left : 0px;}<\/style><\/div>\n","protected":false},"excerpt":{"rendered":"","protected":false},"author":19,"featured_media":0,"parent":0,"menu_order":0,"comment_status":"closed","ping_status":"closed","template":"","meta":[],"yoast_head":"<!-- This site is optimized with the Yoast SEO plugin v19.10 - https:\/\/yoast.com\/wordpress\/plugins\/seo\/ -->\n<title>Wellness Visits | Driscoll Health Plan<\/title>\n<meta name=\"robots\" content=\"index, follow, max-snippet:-1, max-image-preview:large, max-video-preview:-1\" \/>\n<link rel=\"canonical\" href=\"https:\/\/driscoll.gomohealth.care\/es\/well-child-checkup\/\" \/>\n<meta property=\"og:locale\" content=\"es_ES\" \/>\n<meta property=\"og:type\" content=\"article\" \/>\n<meta property=\"og:title\" content=\"Wellness Visits | Driscoll Health Plan\" \/>\n<meta property=\"og:url\" content=\"https:\/\/driscoll.gomohealth.care\/es\/well-child-checkup\/\" \/>\n<meta property=\"og:site_name\" content=\"Driscoll HRAs\" \/>\n<meta property=\"article:modified_time\" content=\"2025-02-18T09:39:19+00:00\" \/>\n<meta name=\"twitter:card\" content=\"summary_large_image\" \/>\n<meta name=\"twitter:label1\" content=\"Tiempo de lectura\" \/>\n\t<meta name=\"twitter:data1\" content=\"1 minuto\" \/>\n<script type=\"application\/ld+json\" class=\"yoast-schema-graph\">{\"@context\":\"https:\/\/schema.org\",\"@graph\":[{\"@type\":\"WebPage\",\"@id\":\"https:\/\/driscoll.gomohealth.care\/es\/well-child-checkup\/\",\"url\":\"https:\/\/driscoll.gomohealth.care\/es\/well-child-checkup\/\",\"name\":\"Wellness Visits | Driscoll Health Plan\",\"isPartOf\":{\"@id\":\"https:\/\/driscoll.gomohealth.care\/es\/#website\"},\"datePublished\":\"2025-02-18T09:37:46+00:00\",\"dateModified\":\"2025-02-18T09:39:19+00:00\",\"breadcrumb\":{\"@id\":\"https:\/\/driscoll.gomohealth.care\/es\/well-child-checkup\/#breadcrumb\"},\"inLanguage\":\"es\",\"potentialAction\":[{\"@type\":\"ReadAction\",\"target\":[\"https:\/\/driscoll.gomohealth.care\/es\/well-child-checkup\/\"]}]},{\"@type\":\"BreadcrumbList\",\"@id\":\"https:\/\/driscoll.gomohealth.care\/es\/well-child-checkup\/#breadcrumb\",\"itemListElement\":[{\"@type\":\"ListItem\",\"position\":1,\"name\":\"Home\",\"item\":\"https:\/\/driscoll.gomohealth.care\/es\/\"},{\"@type\":\"ListItem\",\"position\":2,\"name\":\"Wellness Visits\"}]},{\"@type\":\"WebSite\",\"@id\":\"https:\/\/driscoll.gomohealth.care\/es\/#website\",\"url\":\"https:\/\/driscoll.gomohealth.care\/es\/\",\"name\":\"Driscoll HRAs\",\"description\":\"Just another GoMo Health Sites site\",\"potentialAction\":[{\"@type\":\"SearchAction\",\"target\":{\"@type\":\"EntryPoint\",\"urlTemplate\":\"https:\/\/driscoll.gomohealth.care\/es\/?s={search_term_string}\"},\"query-input\":\"required name=search_term_string\"}],\"inLanguage\":\"es\"}]}<\/script>\n<!-- \/ Yoast SEO plugin. -->","yoast_head_json":{"title":"Wellness Visits | Driscoll Health Plan","robots":{"index":"index","follow":"follow","max-snippet":"max-snippet:-1","max-image-preview":"max-image-preview:large","max-video-preview":"max-video-preview:-1"},"canonical":"https:\/\/driscoll.gomohealth.care\/es\/well-child-checkup\/","og_locale":"es_ES","og_type":"article","og_title":"Wellness Visits | Driscoll Health Plan","og_url":"https:\/\/driscoll.gomohealth.care\/es\/well-child-checkup\/","og_site_name":"Driscoll HRAs","article_modified_time":"2025-02-18T09:39:19+00:00","twitter_card":"summary_large_image","twitter_misc":{"Tiempo de lectura":"1 minuto"},"schema":{"@context":"https:\/\/schema.org","@graph":[{"@type":"WebPage","@id":"https:\/\/driscoll.gomohealth.care\/es\/well-child-checkup\/","url":"https:\/\/driscoll.gomohealth.care\/es\/well-child-checkup\/","name":"Wellness Visits | Driscoll Health Plan","isPartOf":{"@id":"https:\/\/driscoll.gomohealth.care\/es\/#website"},"datePublished":"2025-02-18T09:37:46+00:00","dateModified":"2025-02-18T09:39:19+00:00","breadcrumb":{"@id":"https:\/\/driscoll.gomohealth.care\/es\/well-child-checkup\/#breadcrumb"},"inLanguage":"es","potentialAction":[{"@type":"ReadAction","target":["https:\/\/driscoll.gomohealth.care\/es\/well-child-checkup\/"]}]},{"@type":"BreadcrumbList","@id":"https:\/\/driscoll.gomohealth.care\/es\/well-child-checkup\/#breadcrumb","itemListElement":[{"@type":"ListItem","position":1,"name":"Home","item":"https:\/\/driscoll.gomohealth.care\/es\/"},{"@type":"ListItem","position":2,"name":"Wellness Visits"}]},{"@type":"WebSite","@id":"https:\/\/driscoll.gomohealth.care\/es\/#website","url":"https:\/\/driscoll.gomohealth.care\/es\/","name":"Driscoll HRAs","description":"Just another GoMo Health Sites site","potentialAction":[{"@type":"SearchAction","target":{"@type":"EntryPoint","urlTemplate":"https:\/\/driscoll.gomohealth.care\/es\/?s={search_term_string}"},"query-input":"required name=search_term_string"}],"inLanguage":"es"}]}},"_links":{"self":[{"href":"https:\/\/driscoll.gomohealth.care\/es\/wp-json\/wp\/v2\/pages\/1338"}],"collection":[{"href":"https:\/\/driscoll.gomohealth.care\/es\/wp-json\/wp\/v2\/pages"}],"about":[{"href":"https:\/\/driscoll.gomohealth.care\/es\/wp-json\/wp\/v2\/types\/page"}],"author":[{"embeddable":true,"href":"https:\/\/driscoll.gomohealth.care\/es\/wp-json\/wp\/v2\/users\/19"}],"replies":[{"embeddable":true,"href":"https:\/\/driscoll.gomohealth.care\/es\/wp-json\/wp\/v2\/comments?post=1338"}],"version-history":[{"count":2,"href":"https:\/\/driscoll.gomohealth.care\/es\/wp-json\/wp\/v2\/pages\/1338\/revisions"}],"predecessor-version":[{"id":1340,"href":"https:\/\/driscoll.gomohealth.care\/es\/wp-json\/wp\/v2\/pages\/1338\/revisions\/1340"}],"wp:attachment":[{"href":"https:\/\/driscoll.gomohealth.care\/es\/wp-json\/wp\/v2\/media?parent=1338"}],"curies":[{"name":"wp","href":"https:\/\/api.w.org\/{rel}","templated":true}]}}