{"id":1371,"date":"2025-06-10T07:55:42","date_gmt":"2025-06-10T07:55:42","guid":{"rendered":"https:\/\/driscoll.gomohealth.care\/session-reminder\/"},"modified":"2025-07-22T15:14:52","modified_gmt":"2025-07-22T15:14:52","slug":"session-reminder","status":"publish","type":"page","link":"https:\/\/driscoll.gomohealth.care\/es\/session-reminder\/","title":{"rendered":"Session Reminder"},"content":{"rendered":"<div class=\"fusion-fullwidth fullwidth-box fusion-builder-row-1 fusion-flex-container has-pattern-background has-mask-background nonhundred-percent-fullwidth non-hundred-percent-height-scrolling\" style=\"background-color: rgba(255,255,255,0);background-position: center center;background-repeat: no-repeat;border-width: 0px 0px 0px 0px;border-color:#eae9e9;border-style:solid;\" ><div class=\"fusion-builder-row fusion-row fusion-flex-align-items-flex-start\" style=\"max-width:1064.96px;margin-left: calc(-4% \/ 2 );margin-right: calc(-4% \/ 2 );\"><div class=\"fusion-layout-column fusion_builder_column fusion-builder-column-0 fusion_builder_column_1_1 1_1 fusion-flex-column\"><div class=\"fusion-column-wrapper fusion-flex-justify-content-flex-start fusion-content-layout-column\" style=\"background-position:left top;background-repeat:no-repeat;-webkit-background-size:cover;-moz-background-size:cover;-o-background-size:cover;background-size:cover;padding: 0px 0px 0px 0px;\"><script type=\"text\/javascript\">var gform;gform||(document.addEventListener(\"gform_main_scripts_loaded\",function(){gform.scriptsLoaded=!0}),window.addEventListener(\"DOMContentLoaded\",function(){gform.domLoaded=!0}),gform={domLoaded:!1,scriptsLoaded:!1,initializeOnLoaded:function(o){gform.domLoaded&&gform.scriptsLoaded?o():!gform.domLoaded&&gform.scriptsLoaded?window.addEventListener(\"DOMContentLoaded\",o):document.addEventListener(\"gform_main_scripts_loaded\",o)},hooks:{action:{},filter:{}},addAction:function(o,n,r,t){gform.addHook(\"action\",o,n,r,t)},addFilter:function(o,n,r,t){gform.addHook(\"filter\",o,n,r,t)},doAction:function(o){gform.doHook(\"action\",o,arguments)},applyFilters:function(o){return gform.doHook(\"filter\",o,arguments)},removeAction:function(o,n){gform.removeHook(\"action\",o,n)},removeFilter:function(o,n,r){gform.removeHook(\"filter\",o,n,r)},addHook:function(o,n,r,t,i){null==gform.hooks[o][n]&&(gform.hooks[o][n]=[]);var e=gform.hooks[o][n];null==i&&(i=n+\"_\"+e.length),gform.hooks[o][n].push({tag:i,callable:r,priority:t=null==t?10:t})},doHook:function(n,o,r){var t;if(r=Array.prototype.slice.call(r,1),null!=gform.hooks[n][o]&&((o=gform.hooks[n][o]).sort(function(o,n){return o.priority-n.priority}),o.forEach(function(o){\"function\"!=typeof(t=o.callable)&&(t=window[t]),\"action\"==n?t.apply(null,r):r[0]=t.apply(null,r)})),\"filter\"==n)return r[0]},removeHook:function(o,n,t,i){var r;null!=gform.hooks[o][n]&&(r=(r=gform.hooks[o][n]).filter(function(o,n,r){return!!(null!=i&&i!=o.tag||null!=t&&t!=o.priority)}),gform.hooks[o][n]=r)}});<\/script>\n                <div class='gf_browser_gecko gform_wrapper gform_legacy_markup_wrapper' id='gform_wrapper_67' style='display:none'><form method='post' enctype='multipart\/form-data'  id='gform_67'  action='\/es\/wp-json\/wp\/v2\/pages\/1371' ><input type=\"hidden\" value=\"0\" name=\"gpps_page_progression_67\" \/>\n                        <div class='gform_body gform-body'><ul id='gform_fields_67' class='gform_fields top_label form_sublabel_below description_below'><li id=\"field_67_19\"  class=\"gfield gform_hidden field_sublabel_below field_description_below gfield_visibility_visible\"  data-js-reload=\"field_67_19\"><div class='ginput_container ginput_container_text'><input name='input_19' id='input_67_19' type='hidden' class='gform_hidden'  aria-invalid=\"false\" value='' \/><\/div><\/li><li id=\"field_67_1\"  class=\"gfield gform_hidden field_sublabel_below field_description_below gfield_visibility_visible\"  data-js-reload=\"field_67_1\"><div class='ginput_container ginput_container_text'><input name='input_1' id='input_67_1' type='hidden' class='gform_hidden'  aria-invalid=\"false\" value='' \/><\/div><\/li><li id=\"field_67_3\"  class=\"gfield gform_hidden field_sublabel_below field_description_below gfield_visibility_visible\"  data-js-reload=\"field_67_3\"><div class='ginput_container ginput_container_text'><input name='input_3' id='input_67_3' type='hidden' class='gform_hidden'  aria-invalid=\"false\" value='https:\/\/driscoll.gomohealth.care\/es\/wp-json\/wp\/v2\/pages\/1371' \/><\/div><\/li><li id=\"field_67_4\"  class=\"gfield gform_hidden field_sublabel_below field_description_below gfield_visibility_visible\"  data-js-reload=\"field_67_4\"><div class='ginput_container ginput_container_text'><input name='input_4' id='input_67_4' type='hidden' class='gform_hidden'  aria-invalid=\"false\" value='' \/><\/div><\/li><li id=\"field_67_5\"  class=\"gfield gform_hidden field_sublabel_below field_description_below gfield_visibility_visible\"  data-js-reload=\"field_67_5\"><div class='ginput_container ginput_container_text'><input name='input_5' id='input_67_5' type='hidden' class='gform_hidden'  aria-invalid=\"false\" value='' \/><\/div><\/li><li id=\"field_67_6\"  class=\"gfield gform_hidden field_sublabel_below field_description_below gfield_visibility_visible\"  data-js-reload=\"field_67_6\"><div class='ginput_container ginput_container_text'><input name='input_6' id='input_67_6' type='hidden' class='gform_hidden'  aria-invalid=\"false\" value='' \/><\/div><\/li><li id=\"field_67_7\"  class=\"gfield gform_hidden field_sublabel_below field_description_below gfield_visibility_visible\"  data-js-reload=\"field_67_7\"><div class='ginput_container ginput_container_text'><input name='input_7' id='input_67_7' type='hidden' class='gform_hidden'  aria-invalid=\"false\" value='' \/><\/div><\/li><li id=\"field_67_8\"  class=\"gfield gform_hidden field_sublabel_below field_description_below gfield_visibility_visible\"  data-js-reload=\"field_67_8\"><div class='ginput_container ginput_container_text'><input name='input_8' id='input_67_8' type='hidden' class='gform_hidden'  aria-invalid=\"false\" value='' \/><\/div><\/li><li id=\"field_67_9\"  class=\"gfield gform_hidden field_sublabel_below field_description_below gfield_visibility_visible\"  data-js-reload=\"field_67_9\"><div class='ginput_container ginput_container_text'><input name='input_9' id='input_67_9' type='hidden' class='gform_hidden'  aria-invalid=\"false\" value='' \/><\/div><\/li><li id=\"field_67_10\"  class=\"gfield gform_hidden field_sublabel_below field_description_below gfield_visibility_visible\"  data-js-reload=\"field_67_10\"><div class='ginput_container ginput_container_text'><input name='input_10' id='input_67_10' type='hidden' class='gform_hidden'  aria-invalid=\"false\" value='' \/><\/div><\/li><li id=\"field_67_11\"  class=\"gfield gform_hidden field_sublabel_below field_description_below gfield_visibility_visible\"  data-js-reload=\"field_67_11\"><div class='ginput_container ginput_container_text'><input name='input_11' id='input_67_11' type='hidden' class='gform_hidden'  aria-invalid=\"false\" value='' \/><\/div><\/li><li id=\"field_67_21\"  class=\"gfield gfield--width-full gform_hidden field_sublabel_below field_description_below gfield_visibility_visible\"  data-js-reload=\"field_67_21\"><div class='ginput_container ginput_container_text'><input name='input_21' id='input_67_21' type='hidden' class='gform_hidden'  aria-invalid=\"false\" value='' \/><\/div><\/li><li id=\"field_67_12\"  class=\"gfield gform_hidden field_sublabel_below field_description_below gfield_visibility_visible\"  data-js-reload=\"field_67_12\"><div class='ginput_container ginput_container_text'><input name='input_12' id='input_67_12' type='hidden' class='gform_hidden'  aria-invalid=\"false\" value='' \/><\/div><\/li><li id=\"field_67_13\"  class=\"gfield gform_hidden field_sublabel_below field_description_below gfield_visibility_visible\"  data-js-reload=\"field_67_13\"><div class='ginput_container ginput_container_text'><input name='input_13' id='input_67_13' type='hidden' class='gform_hidden'  aria-invalid=\"false\" value='' \/><\/div><\/li><li id=\"field_67_22\"  class=\"gfield gfield--width-full gform_hidden field_sublabel_below field_description_below gfield_visibility_visible\"  data-js-reload=\"field_67_22\"><div class='ginput_container ginput_container_text'><input name='input_22' id='input_67_22' type='hidden' class='gform_hidden'  aria-invalid=\"false\" value='' \/><\/div><\/li><li id=\"field_67_23\"  class=\"gfield gfield--width-full gform_hidden field_sublabel_below field_description_below gfield_visibility_visible\"  data-js-reload=\"field_67_23\"><div class='ginput_container ginput_container_text'><input name='input_23' id='input_67_23' type='hidden' class='gform_hidden'  aria-invalid=\"false\" value='' \/><\/div><\/li><li id=\"field_67_24\"  class=\"gfield gfield--width-full gform_hidden field_sublabel_below field_description_below gfield_visibility_visible\"  data-js-reload=\"field_67_24\"><div class='ginput_container ginput_container_text'><input name='input_24' id='input_67_24' type='hidden' class='gform_hidden'  aria-invalid=\"false\" value='' \/><\/div><\/li><li id=\"field_67_20\"  class=\"gfield gfield--width-full gform_hidden field_sublabel_below field_description_below gfield_visibility_visible\"  data-js-reload=\"field_67_20\"><div class='ginput_container ginput_container_text'><input name='input_20' id='input_67_20' type='hidden' class='gform_hidden'  aria-invalid=\"false\" value='' \/><\/div><\/li><li id=\"field_67_28\"  class=\"gfield gfield--width-full gform_hidden field_sublabel_below field_description_below gfield_visibility_visible\"  data-js-reload=\"field_67_28\"><div class='ginput_container ginput_container_text'><input name='input_28' id='input_67_28' type='hidden' class='gform_hidden'  aria-invalid=\"false\" value='' \/><\/div><\/li><li id=\"field_67_25\"  class=\"gfield gfield--width-full gfield_html gfield_html_formatted gfield_no_follows_desc field_sublabel_below field_description_below gfield_visibility_visible\"  data-js-reload=\"field_67_25\"><p style=\"text-align: center;\">\u00a1Hola, <span data-gppa-live-merge-tag=\"@{Member First Name:5}\"><\/span> <span data-gppa-live-merge-tag=\"@{Member Last Name:6}\"><\/span>! Est\u00e1 inscrito en la clase <span data-gppa-live-merge-tag=\"@{Class Type:7}\"><\/span> <span data-gppa-live-merge-tag=\"@{Class Subject:8}\"><\/span> <span data-gppa-live-merge-tag=\"@{Class Topic:9}\"><\/span> del Driscoll Plan.<\/p>\n<p>Si vas a asistir a una clase virtual y a\u00fan no lo ha hecho, aseg\u00farese de descargar Zoom con anticipaci\u00f3n. Inicie sesi\u00f3n entre 5 y 10 minutos antes de que comience la clase para asegurarse de poder ver y escuchar al instructor.<\/p>\n<p style=\"text-align: center;\">Esperamos que se una nosotros.<\/p>\n<p style=\"text-align: center;\">Para recibir su tarjeta de regalo, comun\u00edquese con el especialista en educaci\u00f3n para la salud, <span data-gppa-live-merge-tag=\"@{Instructor Name:12}\"><\/span>, al <span style=\"white-space: nowrap;\"><span data-gppa-live-merge-tag=\"@{Instructor Number:13}\"><\/span> <\/span> para <strong>CONFIRMAR<\/strong> su nombre complete y direcci\u00f3n postal. Tambi\u00e9n est\u00e1n disponibles para cualquier pregunta.<\/p> \n<p style=\"text-align: center;\">\u00a1Nos vemos pronto!<\/p>\n\n<div style=\"text-align: center;\">\n<span><strong>Clase:<\/strong> <span data-gppa-live-merge-tag=\"@{Class Type:7}\"><\/span> <span data-gppa-live-merge-tag=\"@{Class Subject:8}\"><\/span> <span data-gppa-live-merge-tag=\"@{Class Topic:9}\"><\/span><\/span><br><span><strong>Fecha:<\/strong> <span data-gppa-live-merge-tag=\"@{Class Date:10}\"><\/span><\/span><br><span><strong>Hora:<\/strong> <span data-gppa-live-merge-tag=\"@{Start Time:11}\"><\/span> \u2013 <span data-gppa-live-merge-tag=\"@{End Time:21}\"><\/span><\/span><br><\/div>\n<div style=\"text-align: center; margin-top: 20px;\">\n<span><strong>Lugar de reuni\u00f3n:<\/strong> <a href=\"\" data-gppa-live-merge-tag-href=\"@{Class Location:22}\" class=\"set-value meeting-link\" data-value=\"\" data-gppa-live-merge-tag-data-value=\"@{Class Location:22}\" style=\"word-break: break-word;\"><span data-gppa-live-merge-tag=\"@{Class Location:22}\"><\/span><\/a><\/span>\n<\/div>\n<\/li><li id=\"field_67_26\"  class=\"gfield gfield--width-full gfield_html gfield_html_formatted gfield_no_follows_desc field_sublabel_below field_description_below gfield_visibility_visible\"  data-js-reload=\"field_67_26\"><div style=\"text-align: center;\">\n<span><strong>ID de reuni\u00f3n:<\/strong> <span data-gppa-live-merge-tag=\"@{Meeting ID:23}\"><\/span><\/span><br><span><strong>C\u00f3digo de acceso:<\/strong> <span data-gppa-live-merge-tag=\"@{Passcode:24}\"><\/span><\/span> \n<\/div>\n<\/li><li id=\"field_67_27\"  class=\"gfield gfield--width-full gfield_html gfield_html_formatted gfield_no_follows_desc field_sublabel_below field_description_below gfield_visibility_visible\"  data-js-reload=\"field_67_27\"><span style=\"font-size: 14px;\">TEXT-132c 1\/25 <\/span><\/li><\/ul><\/div>\n        <div class='gform_footer top_label'> <input type='submit' id='gform_submit_button_67' class='gform_button button' value='Enviar'  onclick='if(window[\"gf_submitting_67\"]){return false;}  window[\"gf_submitting_67\"]=true;  ' onkeypress='if( event.keyCode == 13 ){ if(window[\"gf_submitting_67\"]){return false;} window[\"gf_submitting_67\"]=true;  jQuery(\"#gform_67\").trigger(\"submit\",[true]); }' \/> \n            <input type='hidden' class='gform_hidden' name='is_submit_67' value='1' \/>\n            <input type='hidden' class='gform_hidden' name='gform_submit' value='67' \/>\n            \n            <input type='hidden' class='gform_hidden' name='gform_unique_id' value='' \/>\n            <input type='hidden' class='gform_hidden' name='state_67' value='WyJbXSIsIjI4OGJiZjIyYWI5ZDFhYjgzOTIwYTUwODNlODQ2YzBlIl0=' \/>\n            <input type='hidden' class='gform_hidden' name='gform_target_page_number_67' id='gform_target_page_number_67' value='0' \/>\n            <input type='hidden' class='gform_hidden' name='gform_source_page_number_67' id='gform_source_page_number_67' value='1' \/>\n            <input type='hidden' name='gform_field_values' value='' \/>\n            \n        <\/div>\n                        <p style=\"display: none !important;\"><label>&#916;<textarea name=\"ak_hp_textarea\" cols=\"45\" rows=\"8\" maxlength=\"100\"><\/textarea><\/label><input type=\"hidden\" id=\"ak_js_1\" name=\"ak_js\" value=\"49\"\/><script>document.getElementById( \"ak_js_1\" ).setAttribute( \"value\", ( new Date() ).getTime() );<\/script><\/p><\/form>\n                        <\/div><script type=\"text\/javascript\">\n\t\t\t\tvar GPPA_CURRENT_LIVE_MERGE_TAG_VALUES_FORM_67 = {\"@{Class Location:22}\":\"\"};\n\t\t\t<\/script><\/div><style type=\"text\/css\">.fusion-body .fusion-builder-column-0{width:100% !important;margin-top : 0px;margin-bottom : 20px;}.fusion-builder-column-0 > .fusion-column-wrapper {padding-top : 0px !important;padding-right : 0px !important;margin-right : 1.92%;padding-bottom : 0px !important;padding-left : 0px !important;margin-left : 1.92%;}@media only screen and (max-width:1024px) {.fusion-body .fusion-builder-column-0{width:100% !important;order : 0;}.fusion-builder-column-0 > .fusion-column-wrapper {margin-right : 1.92%;margin-left : 1.92%;}}@media only screen and (max-width:640px) {.fusion-body .fusion-builder-column-0{width:100% !important;order : 0;}.fusion-builder-column-0 > .fusion-column-wrapper {margin-right : 1.92%;margin-left : 1.92%;}}<\/style><\/div><\/div><style type=\"text\/css\">.fusion-body .fusion-flex-container.fusion-builder-row-1{ padding-top : 0px;margin-top : 40px;padding-right : 0px;padding-bottom : 0px;margin-bottom : 0px;padding-left : 0px;}<\/style><\/div>\n","protected":false},"excerpt":{"rendered":"","protected":false},"author":19,"featured_media":0,"parent":0,"menu_order":0,"comment_status":"closed","ping_status":"closed","template":"","meta":[],"yoast_head":"<!-- This site is optimized with the Yoast SEO plugin v19.10 - https:\/\/yoast.com\/wordpress\/plugins\/seo\/ -->\n<title>Session Reminder | Driscoll Health Plan<\/title>\n<meta name=\"robots\" content=\"index, follow, max-snippet:-1, max-image-preview:large, max-video-preview:-1\" \/>\n<link rel=\"canonical\" href=\"https:\/\/driscoll.gomohealth.care\/es\/session-reminder\/\" \/>\n<meta property=\"og:locale\" content=\"es_ES\" \/>\n<meta property=\"og:type\" content=\"article\" \/>\n<meta property=\"og:title\" content=\"Session Reminder | Driscoll Health Plan\" \/>\n<meta property=\"og:url\" content=\"https:\/\/driscoll.gomohealth.care\/es\/session-reminder\/\" \/>\n<meta property=\"og:site_name\" content=\"Driscoll HRAs\" \/>\n<meta property=\"article:modified_time\" content=\"2025-07-22T15:14:52+00:00\" \/>\n<meta name=\"twitter:card\" content=\"summary_large_image\" \/>\n<meta name=\"twitter:label1\" content=\"Tiempo de lectura\" \/>\n\t<meta name=\"twitter:data1\" content=\"2 minutos\" \/>\n<script type=\"application\/ld+json\" class=\"yoast-schema-graph\">{\"@context\":\"https:\/\/schema.org\",\"@graph\":[{\"@type\":\"WebPage\",\"@id\":\"https:\/\/driscoll.gomohealth.care\/es\/session-reminder\/\",\"url\":\"https:\/\/driscoll.gomohealth.care\/es\/session-reminder\/\",\"name\":\"Session Reminder | Driscoll Health Plan\",\"isPartOf\":{\"@id\":\"https:\/\/driscoll.gomohealth.care\/es\/#website\"},\"datePublished\":\"2025-06-10T07:55:42+00:00\",\"dateModified\":\"2025-07-22T15:14:52+00:00\",\"breadcrumb\":{\"@id\":\"https:\/\/driscoll.gomohealth.care\/es\/session-reminder\/#breadcrumb\"},\"inLanguage\":\"es\",\"potentialAction\":[{\"@type\":\"ReadAction\",\"target\":[\"https:\/\/driscoll.gomohealth.care\/es\/session-reminder\/\"]}]},{\"@type\":\"BreadcrumbList\",\"@id\":\"https:\/\/driscoll.gomohealth.care\/es\/session-reminder\/#breadcrumb\",\"itemListElement\":[{\"@type\":\"ListItem\",\"position\":1,\"name\":\"Home\",\"item\":\"https:\/\/driscoll.gomohealth.care\/es\/\"},{\"@type\":\"ListItem\",\"position\":2,\"name\":\"Session Reminder\"}]},{\"@type\":\"WebSite\",\"@id\":\"https:\/\/driscoll.gomohealth.care\/es\/#website\",\"url\":\"https:\/\/driscoll.gomohealth.care\/es\/\",\"name\":\"Driscoll HRAs\",\"description\":\"Just another GoMo Health Sites site\",\"potentialAction\":[{\"@type\":\"SearchAction\",\"target\":{\"@type\":\"EntryPoint\",\"urlTemplate\":\"https:\/\/driscoll.gomohealth.care\/es\/?s={search_term_string}\"},\"query-input\":\"required name=search_term_string\"}],\"inLanguage\":\"es\"}]}<\/script>\n<!-- \/ Yoast SEO plugin. -->","yoast_head_json":{"title":"Session Reminder | Driscoll Health Plan","robots":{"index":"index","follow":"follow","max-snippet":"max-snippet:-1","max-image-preview":"max-image-preview:large","max-video-preview":"max-video-preview:-1"},"canonical":"https:\/\/driscoll.gomohealth.care\/es\/session-reminder\/","og_locale":"es_ES","og_type":"article","og_title":"Session Reminder | Driscoll Health Plan","og_url":"https:\/\/driscoll.gomohealth.care\/es\/session-reminder\/","og_site_name":"Driscoll HRAs","article_modified_time":"2025-07-22T15:14:52+00:00","twitter_card":"summary_large_image","twitter_misc":{"Tiempo de lectura":"2 minutos"},"schema":{"@context":"https:\/\/schema.org","@graph":[{"@type":"WebPage","@id":"https:\/\/driscoll.gomohealth.care\/es\/session-reminder\/","url":"https:\/\/driscoll.gomohealth.care\/es\/session-reminder\/","name":"Session Reminder | Driscoll Health Plan","isPartOf":{"@id":"https:\/\/driscoll.gomohealth.care\/es\/#website"},"datePublished":"2025-06-10T07:55:42+00:00","dateModified":"2025-07-22T15:14:52+00:00","breadcrumb":{"@id":"https:\/\/driscoll.gomohealth.care\/es\/session-reminder\/#breadcrumb"},"inLanguage":"es","potentialAction":[{"@type":"ReadAction","target":["https:\/\/driscoll.gomohealth.care\/es\/session-reminder\/"]}]},{"@type":"BreadcrumbList","@id":"https:\/\/driscoll.gomohealth.care\/es\/session-reminder\/#breadcrumb","itemListElement":[{"@type":"ListItem","position":1,"name":"Home","item":"https:\/\/driscoll.gomohealth.care\/es\/"},{"@type":"ListItem","position":2,"name":"Session Reminder"}]},{"@type":"WebSite","@id":"https:\/\/driscoll.gomohealth.care\/es\/#website","url":"https:\/\/driscoll.gomohealth.care\/es\/","name":"Driscoll HRAs","description":"Just another GoMo Health Sites site","potentialAction":[{"@type":"SearchAction","target":{"@type":"EntryPoint","urlTemplate":"https:\/\/driscoll.gomohealth.care\/es\/?s={search_term_string}"},"query-input":"required name=search_term_string"}],"inLanguage":"es"}]}},"_links":{"self":[{"href":"https:\/\/driscoll.gomohealth.care\/es\/wp-json\/wp\/v2\/pages\/1371"}],"collection":[{"href":"https:\/\/driscoll.gomohealth.care\/es\/wp-json\/wp\/v2\/pages"}],"about":[{"href":"https:\/\/driscoll.gomohealth.care\/es\/wp-json\/wp\/v2\/types\/page"}],"author":[{"embeddable":true,"href":"https:\/\/driscoll.gomohealth.care\/es\/wp-json\/wp\/v2\/users\/19"}],"replies":[{"embeddable":true,"href":"https:\/\/driscoll.gomohealth.care\/es\/wp-json\/wp\/v2\/comments?post=1371"}],"version-history":[{"count":4,"href":"https:\/\/driscoll.gomohealth.care\/es\/wp-json\/wp\/v2\/pages\/1371\/revisions"}],"predecessor-version":[{"id":1385,"href":"https:\/\/driscoll.gomohealth.care\/es\/wp-json\/wp\/v2\/pages\/1371\/revisions\/1385"}],"wp:attachment":[{"href":"https:\/\/driscoll.gomohealth.care\/es\/wp-json\/wp\/v2\/media?parent=1371"}],"curies":[{"name":"wp","href":"https:\/\/api.w.org\/{rel}","templated":true}]}}