{"id":250,"date":"2021-01-19T22:09:01","date_gmt":"2021-01-19T22:09:01","guid":{"rendered":"https:\/\/driscoll.gomohealth.care\/fitness-training\/"},"modified":"2023-10-23T14:30:19","modified_gmt":"2023-10-23T14:30:19","slug":"fitness","status":"publish","type":"page","link":"https:\/\/driscoll.gomohealth.care\/es\/fitness\/","title":{"rendered":"Fitness Training"},"content":{"rendered":"<div class=\"fusion-fullwidth fullwidth-box fusion-builder-row-1 fusion-flex-container nonhundred-percent-fullwidth non-hundred-percent-height-scrolling\" style=\"background-color: rgba(255,255,255,0);background-position: center center;background-repeat: no-repeat;border-width: 0px 0px 0px 0px;border-color:#eae9e9;border-style:solid;\" ><div class=\"fusion-builder-row fusion-row fusion-flex-align-items-center\" style=\"max-width:1064.96px;margin-left: calc(-4% \/ 2 );margin-right: calc(-4% \/ 2 );\"><div class=\"fusion-layout-column fusion_builder_column fusion-builder-column-0 fusion_builder_column_2_5 2_5 fusion-flex-column\"><div class=\"fusion-column-wrapper fusion-flex-justify-content-flex-start fusion-content-layout-column\" style=\"background-position:left top;background-repeat:no-repeat;-webkit-background-size:cover;-moz-background-size:cover;-o-background-size:cover;background-size:cover;padding: 0px 0px 0px 0px;\"><div ><span class=\" fusion-imageframe imageframe-none imageframe-1 hover-type-none\"><img decoding=\"async\" width=\"1024\" height=\"651\" alt=\"Fitness Trackers\" title=\"10022019 DHP fitness watch (003)\" src=\"\/wp-content\/uploads\/sites\/9\/2020\/12\/10022019-DHP-fitness-watch-003-1024x651.jpg\" class=\"img-responsive wp-image-135\" srcset=\"\/wp-content\/uploads\/sites\/9\/2020\/12\/10022019-DHP-fitness-watch-003-200x127.jpg 200w, \/wp-content\/uploads\/sites\/9\/2020\/12\/10022019-DHP-fitness-watch-003-400x254.jpg 400w, \/wp-content\/uploads\/sites\/9\/2020\/12\/10022019-DHP-fitness-watch-003-600x381.jpg 600w, \/wp-content\/uploads\/sites\/9\/2020\/12\/10022019-DHP-fitness-watch-003-800x508.jpg 800w, \/wp-content\/uploads\/sites\/9\/2020\/12\/10022019-DHP-fitness-watch-003-1200x762.jpg 1200w\" sizes=\"(max-width: 1024px) 100vw, (max-width: 640px) 100vw, 400px\" \/><\/span><\/div><\/div><style type=\"text\/css\">.fusion-body .fusion-builder-column-0{width:40% !important;margin-top : 0px;margin-bottom : 20px;}.fusion-builder-column-0 > .fusion-column-wrapper {padding-top : 0px !important;padding-right : 0px !important;margin-right : 4.8%;padding-bottom : 0px !important;padding-left : 0px !important;margin-left : 4.8%;}@media only screen and (max-width:1024px) {.fusion-body .fusion-builder-column-0{width:100% !important;order : 0;}.fusion-builder-column-0 > .fusion-column-wrapper {margin-right : 1.92%;margin-left : 1.92%;}}@media only screen and (max-width:640px) {.fusion-body .fusion-builder-column-0{width:100% !important;order : 0;}.fusion-builder-column-0 > .fusion-column-wrapper {margin-right : 1.92%;margin-left : 1.92%;}}<\/style><\/div><div class=\"fusion-layout-column fusion_builder_column fusion-builder-column-1 fusion_builder_column_3_5 3_5 fusion-flex-column\"><div class=\"fusion-column-wrapper fusion-flex-justify-content-flex-start fusion-content-layout-column\" style=\"background-position:left top;background-repeat:no-repeat;-webkit-background-size:cover;-moz-background-size:cover;-o-background-size:cover;background-size:cover;padding: 0px 0px 0px 0px;\"><div class=\"fusion-builder-row fusion-builder-row-inner fusion-row fusion-flex-align-items-center\" style=\"width:104% !important;max-width:104% !important;margin-left: calc(-4% \/ 2 );margin-right: calc(-4% \/ 2 );\"><div class=\"fusion-layout-column fusion_builder_column_inner fusion-builder-nested-column-0 fusion_builder_column_inner_1_1 1_1 fusion-flex-column\"><div class=\"fusion-column-wrapper fusion-flex-justify-content-flex-start fusion-content-layout-column\" style=\"background-position:left top;background-repeat:no-repeat;-webkit-background-size:cover;-moz-background-size:cover;-o-background-size:cover;background-size:cover;border-width: 0 0 2px 0;border-color:#003a74;border-style:dotted;padding: 0px 0px 0px 0px;\"><script type=\"text\/javascript\">var gform;gform||(document.addEventListener(\"gform_main_scripts_loaded\",function(){gform.scriptsLoaded=!0}),window.addEventListener(\"DOMContentLoaded\",function(){gform.domLoaded=!0}),gform={domLoaded:!1,scriptsLoaded:!1,initializeOnLoaded:function(o){gform.domLoaded&&gform.scriptsLoaded?o():!gform.domLoaded&&gform.scriptsLoaded?window.addEventListener(\"DOMContentLoaded\",o):document.addEventListener(\"gform_main_scripts_loaded\",o)},hooks:{action:{},filter:{}},addAction:function(o,n,r,t){gform.addHook(\"action\",o,n,r,t)},addFilter:function(o,n,r,t){gform.addHook(\"filter\",o,n,r,t)},doAction:function(o){gform.doHook(\"action\",o,arguments)},applyFilters:function(o){return gform.doHook(\"filter\",o,arguments)},removeAction:function(o,n){gform.removeHook(\"action\",o,n)},removeFilter:function(o,n,r){gform.removeHook(\"filter\",o,n,r)},addHook:function(o,n,r,t,i){null==gform.hooks[o][n]&&(gform.hooks[o][n]=[]);var e=gform.hooks[o][n];null==i&&(i=n+\"_\"+e.length),gform.hooks[o][n].push({tag:i,callable:r,priority:t=null==t?10:t})},doHook:function(n,o,r){var t;if(r=Array.prototype.slice.call(r,1),null!=gform.hooks[n][o]&&((o=gform.hooks[n][o]).sort(function(o,n){return o.priority-n.priority}),o.forEach(function(o){\"function\"!=typeof(t=o.callable)&&(t=window[t]),\"action\"==n?t.apply(null,r):r[0]=t.apply(null,r)})),\"filter\"==n)return r[0]},removeHook:function(o,n,t,i){var r;null!=gform.hooks[o][n]&&(r=(r=gform.hooks[o][n]).filter(function(o,n,r){return!!(null!=i&&i!=o.tag||null!=t&&t!=o.priority)}),gform.hooks[o][n]=r)}});<\/script>\n                <div class='gf_browser_gecko gform_wrapper gform_legacy_markup_wrapper' id='gform_wrapper_16' style='display:none'><div id='gf_16' class='gform_anchor' tabindex='-1'><\/div><form method='post' enctype='multipart\/form-data' target='gform_ajax_frame_16' id='gform_16'  action='\/es\/wp-json\/wp\/v2\/pages\/250#gf_16' ><input type=\"hidden\" value=\"0\" name=\"gpps_page_progression_16\" \/>\n                        <div class='gform_body gform-body'><ul id='gform_fields_16' class='gform_fields top_label form_sublabel_below description_below'><li id=\"field_16_3\"  class=\"gfield field_sublabel_below field_description_below gfield_visibility_hidden\"  data-js-reload=\"field_16_3\"><div class='admin-hidden-markup'><i class='gform-icon gform-icon--hidden'><\/i><span>Hidden<\/span><\/div><label class='gfield_label' for='input_16_3' >First Name (HIDDEN)<\/label><div class='ginput_container ginput_container_text'><input name='input_3' id='input_16_3' type='text' value='' class='medium'      aria-invalid=\"false\"   \/> <\/div><\/li><li id=\"field_16_4\"  class=\"gfield field_sublabel_below field_description_below gfield_visibility_hidden\"  data-js-reload=\"field_16_4\"><div class='admin-hidden-markup'><i class='gform-icon gform-icon--hidden'><\/i><span>Hidden<\/span><\/div><label class='gfield_label' for='input_16_4' >Last Name (HIDDEN)<\/label><div class='ginput_container ginput_container_text'><input name='input_4' id='input_16_4' type='text' value='' class='medium'      aria-invalid=\"false\"   \/> <\/div><\/li><li id=\"field_16_6\"  class=\"gfield field_sublabel_below field_description_below gfield_visibility_hidden\"  data-js-reload=\"field_16_6\"><div class='admin-hidden-markup'><i class='gform-icon gform-icon--hidden'><\/i><span>Hidden<\/span><\/div><label class='gfield_label' for='input_16_6' >Driscoll Plan ID (HIDDEN)<\/label><div class='ginput_container ginput_container_text'><input name='input_6' id='input_16_6' type='text' value='' class='medium'      aria-invalid=\"false\"   \/> <\/div><\/li><li id=\"field_16_2\"  class=\"gfield gfield_html gfield_html_formatted gfield_no_follows_desc field_sublabel_below field_description_below gfield_visibility_visible\"  data-js-reload=\"field_16_2\">Esta es una evaluaci\u00f3n personalizada para <b><span data-gppa-live-merge-tag=\"@{:3:fallback[usted]}\">usted<\/span> <span data-gppa-live-merge-tag=\"@{:4}\"><\/span><\/b>.<\/li><li id=\"field_16_5\"  class=\"gfield gfield_html gfield_html_formatted gfield_no_follows_desc field_sublabel_below field_description_below gfield_visibility_visible\"  data-js-reload=\"field_16_5\">Su ID del plan Driscoll es  <b><span data-gppa-live-merge-tag=\"@{:6:fallback[encontrado en su tarjeta de identificaci\u00f3n Driscoll]}\">encontrado en su tarjeta de identificaci\u00f3n Driscoll<\/span><\/b>. An\u00f3telo porque lo necesitar\u00e1 al final de este m\u00f3dulo.<\/li><\/ul><\/div>\n        <div class='gform_footer top_label'> <input type='submit' id='gform_submit_button_16' class='gform_button button' value='Enviar'  onclick='if(window[\"gf_submitting_16\"]){return false;}  window[\"gf_submitting_16\"]=true;  ' onkeypress='if( event.keyCode == 13 ){ if(window[\"gf_submitting_16\"]){return false;} window[\"gf_submitting_16\"]=true;  jQuery(\"#gform_16\").trigger(\"submit\",[true]); }' \/> <input type='hidden' name='gform_ajax' value='form_id=16&amp;title=&amp;description=&amp;tabindex=0' \/>\n            <input type='hidden' class='gform_hidden' name='is_submit_16' value='1' \/>\n            <input type='hidden' class='gform_hidden' name='gform_submit' value='16' \/>\n            \n            <input type='hidden' class='gform_hidden' name='gform_unique_id' value='' \/>\n            <input type='hidden' class='gform_hidden' name='state_16' value='WyJbXSIsIjI4OGJiZjIyYWI5ZDFhYjgzOTIwYTUwODNlODQ2YzBlIl0=' \/>\n            <input type='hidden' class='gform_hidden' name='gform_target_page_number_16' id='gform_target_page_number_16' value='0' \/>\n            <input type='hidden' class='gform_hidden' name='gform_source_page_number_16' id='gform_source_page_number_16' value='1' \/>\n            <input type='hidden' name='gform_field_values' value='' \/>\n            \n        <\/div>\n                        <p style=\"display: none !important;\"><label>&#916;<textarea name=\"ak_hp_textarea\" cols=\"45\" rows=\"8\" maxlength=\"100\"><\/textarea><\/label><input type=\"hidden\" id=\"ak_js_1\" name=\"ak_js\" value=\"53\"\/><script>document.getElementById( \"ak_js_1\" ).setAttribute( \"value\", ( new Date() ).getTime() );<\/script><\/p><\/form>\n                        <\/div>\n                <iframe style='display:none;width:0px;height:0px;' src='about:blank' name='gform_ajax_frame_16' id='gform_ajax_frame_16' title='Este iframe contiene la l\u00f3gica necesaria para gestionar formularios con ajax activado.'><\/iframe>\n                <script type=\"text\/javascript\">\ngform.initializeOnLoaded( function() {gformInitSpinner( 16, '\/wp-content\/plugins\/gravityforms\/images\/spinner.svg' );jQuery('#gform_ajax_frame_16').on('load',function(){var contents = jQuery(this).contents().find('*').html();var is_postback = contents.indexOf('GF_AJAX_POSTBACK') >= 0;if(!is_postback){return;}var form_content = jQuery(this).contents().find('#gform_wrapper_16');var is_confirmation = jQuery(this).contents().find('#gform_confirmation_wrapper_16').length > 0;var is_redirect = contents.indexOf('gformRedirect(){') >= 0;var is_form = form_content.length > 0 && ! is_redirect && ! is_confirmation;var mt = parseInt(jQuery('html').css('margin-top'), 10) + parseInt(jQuery('body').css('margin-top'), 10) + 100;if(is_form){jQuery('#gform_wrapper_16').html(form_content.html());if(form_content.hasClass('gform_validation_error')){jQuery('#gform_wrapper_16').addClass('gform_validation_error');} else {jQuery('#gform_wrapper_16').removeClass('gform_validation_error');}setTimeout( function() { \/* delay the scroll by 50 milliseconds to fix a bug in chrome *\/ jQuery(document).scrollTop(jQuery('#gform_wrapper_16').offset().top - mt); }, 50 );if(window['gformInitDatepicker']) {gformInitDatepicker();}if(window['gformInitPriceFields']) {gformInitPriceFields();}var current_page = jQuery('#gform_source_page_number_16').val();gformInitSpinner( 16, '\/wp-content\/plugins\/gravityforms\/images\/spinner.svg' );jQuery(document).trigger('gform_page_loaded', [16, current_page]);window['gf_submitting_16'] = false;}else if(!is_redirect){var confirmation_content = jQuery(this).contents().find('.GF_AJAX_POSTBACK').html();if(!confirmation_content){confirmation_content = contents;}setTimeout(function(){jQuery('#gform_wrapper_16').replaceWith(confirmation_content);jQuery(document).scrollTop(jQuery('#gf_16').offset().top - mt);jQuery(document).trigger('gform_confirmation_loaded', [16]);window['gf_submitting_16'] = false;wp.a11y.speak(jQuery('#gform_confirmation_message_16').text());}, 50);}else{jQuery('#gform_16').append(contents);if(window['gformRedirect']) {gformRedirect();}}jQuery(document).trigger('gform_post_render', [16, current_page]);} );} );\n<\/script>\n<\/div><style type=\"text\/css\">.fusion-body .fusion-builder-nested-column-0{width:100% !important;margin-top : 0px;margin-bottom : 20px;}.fusion-builder-nested-column-0 > .fusion-column-wrapper {padding-top : 0px !important;padding-right : 0px !important;margin-right : 1.92%;padding-bottom : 0px !important;padding-left : 0px !important;margin-left : 1.92%;}@media only screen and (max-width:1024px) {.fusion-body .fusion-builder-nested-column-0{width:100% !important;order : 0;}.fusion-builder-nested-column-0 > .fusion-column-wrapper {margin-right : 1.92%;margin-left : 1.92%;}}@media only screen and (max-width:640px) {.fusion-body .fusion-builder-nested-column-0{width:100% !important;order : 0;}.fusion-builder-nested-column-0 > .fusion-column-wrapper {margin-right : 1.92%;margin-left : 1.92%;}}<\/style><\/div><\/div><div class=\"fusion-text fusion-text-1\"><p>Nos preocupamos por la salud de nuestros miembros de Driscoll Health Plan (DHP). Ser activo y comer alimentos saludables puede ayudar a combatir la obesidad en ni\u00f1os y adolescentes. DHP quiere ayudar.<\/p>\n<ul>\n<li>Complete el m\u00f3dulo de educaci\u00f3n f\u00edsica y las preguntas con su hijo en la p\u00e1gina siguiente.<\/li>\n<li>Una vez completado, le enviaremos a su hijo un rastreador de actividad para ayudar a realizar un seguimiento de su actividad diaria.<\/li>\n<\/ul>\n<p>Se pueden aplicar restricciones y limitaciones.<\/p>\n<\/div><div ><style>.fusion-body .fusion-button.button-1{border-radius:4px 4px 4px 4px;}<\/style><a class=\"fusion-button button-flat button-xlarge button-default button-1 fusion-button-default-span fusion-button-default-type hidden-btn\" target=\"_self\" href=\"https:\/\/driscoll.gomohealth.care\/es\/fitness\/maintaining-a-healthy-weight\/\"><span class=\"fusion-button-text\">Siguiente<\/span><i class=\"fa-angle-double-right fas button-icon-right\" aria-hidden=\"true\"><\/i><\/a><\/div>\n                <div class='gf_browser_gecko gform_wrapper gravity-theme' id='gform_wrapper_49' style='display:none'><form method='post' enctype='multipart\/form-data'  id='gform_49'  action='\/es\/wp-json\/wp\/v2\/pages\/250' ><input type=\"hidden\" value=\"0\" name=\"gpps_page_progression_49\" \/>\n                        <div class='gform_body gform-body'><div id='gform_fields_49' class='gform_fields top_label form_sublabel_below description_below'><div id=\"field_49_1\"  class=\"gfield gform_hidden field_sublabel_below field_description_below gfield_visibility_visible\"  data-js-reload=\"field_49_1\"><div class='ginput_container ginput_container_text'><input name='input_1' id='input_49_1' type='hidden' class='gform_hidden'  aria-invalid=\"false\" value='' \/><\/div><\/div><div id=\"field_49_4\"  class=\"gfield gfield--width-full gform_hidden field_sublabel_below field_description_below gfield_visibility_visible\"  data-js-reload=\"field_49_4\"><div class='ginput_container ginput_container_text'><input name='input_4' id='input_49_4' type='hidden' class='gform_hidden'  aria-invalid=\"false\" value='' \/><\/div><\/div><div id=\"field_49_3\"  class=\"gfield gfield--width-full gform_hidden field_sublabel_below field_description_below gfield_visibility_visible\"  data-js-reload=\"field_49_3\"><div class='ginput_container ginput_container_text'><input name='input_3' id='input_49_3' type='hidden' class='gform_hidden'  aria-invalid=\"false\" value='https:\/\/driscoll.gomohealth.care\/es\/wp-json\/wp\/v2\/pages\/250' \/><\/div><\/div><\/div><\/div>\n        <div class='gform_footer top_label'> <input type='submit' id='gform_submit_button_49' class='gform_button button' value='Siguiente'  onclick='if(window[\"gf_submitting_49\"]){return false;}  window[\"gf_submitting_49\"]=true;  ' onkeypress='if( event.keyCode == 13 ){ if(window[\"gf_submitting_49\"]){return false;} window[\"gf_submitting_49\"]=true;  jQuery(\"#gform_49\").trigger(\"submit\",[true]); }' \/> \n            <input type='hidden' class='gform_hidden' name='is_submit_49' value='1' \/>\n            <input type='hidden' class='gform_hidden' name='gform_submit' value='49' \/>\n            \n            <input type='hidden' class='gform_hidden' name='gform_unique_id' value='' \/>\n            <input type='hidden' class='gform_hidden' name='state_49' value='WyJbXSIsIjI4OGJiZjIyYWI5ZDFhYjgzOTIwYTUwODNlODQ2YzBlIl0=' \/>\n            <input type='hidden' class='gform_hidden' name='gform_target_page_number_49' id='gform_target_page_number_49' value='0' \/>\n            <input type='hidden' class='gform_hidden' name='gform_source_page_number_49' id='gform_source_page_number_49' value='1' \/>\n            <input type='hidden' name='gform_field_values' value='' \/>\n            \n        <\/div>\n                        <p style=\"display: none !important;\"><label>&#916;<textarea name=\"ak_hp_textarea\" cols=\"45\" rows=\"8\" maxlength=\"100\"><\/textarea><\/label><input type=\"hidden\" id=\"ak_js_2\" name=\"ak_js\" value=\"1\"\/><script>document.getElementById( \"ak_js_2\" ).setAttribute( \"value\", ( new Date() ).getTime() );<\/script><\/p><\/form>\n                        <\/div><\/div><style type=\"text\/css\">.fusion-body .fusion-builder-column-1{width:60% !important;margin-top : 0px;margin-bottom : 20px;}.fusion-builder-column-1 > .fusion-column-wrapper {padding-top : 0px !important;padding-right : 0px !important;margin-right : 3.2%;padding-bottom : 0px !important;padding-left : 0px !important;margin-left : 3.2%;}@media only screen and (max-width:1024px) {.fusion-body .fusion-builder-column-1{width:100% !important;order : 0;}.fusion-builder-column-1 > .fusion-column-wrapper {margin-right : 1.92%;margin-left : 1.92%;}}@media only screen and (max-width:640px) {.fusion-body .fusion-builder-column-1{width:100% !important;order : 0;}.fusion-builder-column-1 > .fusion-column-wrapper {margin-right : 1.92%;margin-left : 1.92%;}}<\/style><\/div><\/div><style type=\"text\/css\">.fusion-body .fusion-flex-container.fusion-builder-row-1{ padding-top : 0px;margin-top : 0px;padding-right : 0px;padding-bottom : 0px;margin-bottom : 0px;padding-left : 0px;}<\/style><\/div>\n","protected":false},"excerpt":{"rendered":"","protected":false},"author":1,"featured_media":337,"parent":0,"menu_order":0,"comment_status":"closed","ping_status":"closed","template":"","meta":[],"yoast_head":"<!-- This site is optimized with the Yoast SEO plugin v19.10 - https:\/\/yoast.com\/wordpress\/plugins\/seo\/ -->\n<title>Obtenga un rastreador de ejercicios GRATIS | Driscoll Health Plan<\/title>\n<meta name=\"robots\" content=\"index, follow, max-snippet:-1, max-image-preview:large, max-video-preview:-1\" \/>\n<link rel=\"canonical\" href=\"https:\/\/driscoll.gomohealth.care\/es\/fitness\/\" \/>\n<meta property=\"og:locale\" content=\"es_ES\" \/>\n<meta property=\"og:type\" content=\"article\" \/>\n<meta property=\"og:title\" content=\"Obtenga un rastreador de ejercicios GRATIS | Driscoll Health Plan\" \/>\n<meta property=\"og:url\" content=\"https:\/\/driscoll.gomohealth.care\/es\/fitness\/\" \/>\n<meta property=\"og:site_name\" content=\"Driscoll HRAs\" \/>\n<meta property=\"article:modified_time\" content=\"2023-10-23T14:30:19+00:00\" \/>\n<meta property=\"og:image\" content=\"https:\/\/driscoll.gomohealth.care\/wp-content\/uploads\/sites\/9\/2021\/01\/fitness-tracker.jpg\" \/>\n\t<meta property=\"og:image:width\" content=\"2200\" \/>\n\t<meta property=\"og:image:height\" content=\"864\" \/>\n\t<meta property=\"og:image:type\" content=\"image\/jpeg\" \/>\n<meta name=\"twitter:card\" content=\"summary_large_image\" \/>\n<meta name=\"twitter:label1\" content=\"Tiempo de lectura\" \/>\n\t<meta name=\"twitter:data1\" content=\"3 minutos\" \/>\n<script type=\"application\/ld+json\" class=\"yoast-schema-graph\">{\"@context\":\"https:\/\/schema.org\",\"@graph\":[{\"@type\":\"WebPage\",\"@id\":\"https:\/\/driscoll.gomohealth.care\/es\/fitness\/\",\"url\":\"https:\/\/driscoll.gomohealth.care\/es\/fitness\/\",\"name\":\"Obtenga un rastreador de ejercicios GRATIS | Driscoll Health Plan\",\"isPartOf\":{\"@id\":\"https:\/\/driscoll.gomohealth.care\/es\/#website\"},\"datePublished\":\"2021-01-19T22:09:01+00:00\",\"dateModified\":\"2023-10-23T14:30:19+00:00\",\"breadcrumb\":{\"@id\":\"https:\/\/driscoll.gomohealth.care\/es\/fitness\/#breadcrumb\"},\"inLanguage\":\"es\",\"potentialAction\":[{\"@type\":\"ReadAction\",\"target\":[\"https:\/\/driscoll.gomohealth.care\/es\/fitness\/\"]}]},{\"@type\":\"BreadcrumbList\",\"@id\":\"https:\/\/driscoll.gomohealth.care\/es\/fitness\/#breadcrumb\",\"itemListElement\":[{\"@type\":\"ListItem\",\"position\":1,\"name\":\"Home\",\"item\":\"https:\/\/driscoll.gomohealth.care\/es\/\"},{\"@type\":\"ListItem\",\"position\":2,\"name\":\"Fitness Training\"}]},{\"@type\":\"WebSite\",\"@id\":\"https:\/\/driscoll.gomohealth.care\/es\/#website\",\"url\":\"https:\/\/driscoll.gomohealth.care\/es\/\",\"name\":\"Driscoll HRAs\",\"description\":\"Just another GoMo Health Sites site\",\"potentialAction\":[{\"@type\":\"SearchAction\",\"target\":{\"@type\":\"EntryPoint\",\"urlTemplate\":\"https:\/\/driscoll.gomohealth.care\/es\/?s={search_term_string}\"},\"query-input\":\"required name=search_term_string\"}],\"inLanguage\":\"es\"}]}<\/script>\n<!-- \/ Yoast SEO plugin. -->","yoast_head_json":{"title":"Obtenga un rastreador de ejercicios GRATIS | Driscoll Health Plan","robots":{"index":"index","follow":"follow","max-snippet":"max-snippet:-1","max-image-preview":"max-image-preview:large","max-video-preview":"max-video-preview:-1"},"canonical":"https:\/\/driscoll.gomohealth.care\/es\/fitness\/","og_locale":"es_ES","og_type":"article","og_title":"Obtenga un rastreador de ejercicios GRATIS | Driscoll Health Plan","og_url":"https:\/\/driscoll.gomohealth.care\/es\/fitness\/","og_site_name":"Driscoll HRAs","article_modified_time":"2023-10-23T14:30:19+00:00","og_image":[{"width":2200,"height":864,"url":"https:\/\/driscoll.gomohealth.care\/wp-content\/uploads\/sites\/9\/2021\/01\/fitness-tracker.jpg","type":"image\/jpeg"}],"twitter_card":"summary_large_image","twitter_misc":{"Tiempo de lectura":"3 minutos"},"schema":{"@context":"https:\/\/schema.org","@graph":[{"@type":"WebPage","@id":"https:\/\/driscoll.gomohealth.care\/es\/fitness\/","url":"https:\/\/driscoll.gomohealth.care\/es\/fitness\/","name":"Obtenga un rastreador de ejercicios GRATIS | Driscoll Health Plan","isPartOf":{"@id":"https:\/\/driscoll.gomohealth.care\/es\/#website"},"datePublished":"2021-01-19T22:09:01+00:00","dateModified":"2023-10-23T14:30:19+00:00","breadcrumb":{"@id":"https:\/\/driscoll.gomohealth.care\/es\/fitness\/#breadcrumb"},"inLanguage":"es","potentialAction":[{"@type":"ReadAction","target":["https:\/\/driscoll.gomohealth.care\/es\/fitness\/"]}]},{"@type":"BreadcrumbList","@id":"https:\/\/driscoll.gomohealth.care\/es\/fitness\/#breadcrumb","itemListElement":[{"@type":"ListItem","position":1,"name":"Home","item":"https:\/\/driscoll.gomohealth.care\/es\/"},{"@type":"ListItem","position":2,"name":"Fitness Training"}]},{"@type":"WebSite","@id":"https:\/\/driscoll.gomohealth.care\/es\/#website","url":"https:\/\/driscoll.gomohealth.care\/es\/","name":"Driscoll HRAs","description":"Just another GoMo Health Sites site","potentialAction":[{"@type":"SearchAction","target":{"@type":"EntryPoint","urlTemplate":"https:\/\/driscoll.gomohealth.care\/es\/?s={search_term_string}"},"query-input":"required name=search_term_string"}],"inLanguage":"es"}]}},"_links":{"self":[{"href":"https:\/\/driscoll.gomohealth.care\/es\/wp-json\/wp\/v2\/pages\/250"}],"collection":[{"href":"https:\/\/driscoll.gomohealth.care\/es\/wp-json\/wp\/v2\/pages"}],"about":[{"href":"https:\/\/driscoll.gomohealth.care\/es\/wp-json\/wp\/v2\/types\/page"}],"author":[{"embeddable":true,"href":"https:\/\/driscoll.gomohealth.care\/es\/wp-json\/wp\/v2\/users\/1"}],"replies":[{"embeddable":true,"href":"https:\/\/driscoll.gomohealth.care\/es\/wp-json\/wp\/v2\/comments?post=250"}],"version-history":[{"count":23,"href":"https:\/\/driscoll.gomohealth.care\/es\/wp-json\/wp\/v2\/pages\/250\/revisions"}],"predecessor-version":[{"id":1035,"href":"https:\/\/driscoll.gomohealth.care\/es\/wp-json\/wp\/v2\/pages\/250\/revisions\/1035"}],"wp:featuredmedia":[{"embeddable":true,"href":"https:\/\/driscoll.gomohealth.care\/es\/wp-json\/wp\/v2\/media\/337"}],"wp:attachment":[{"href":"https:\/\/driscoll.gomohealth.care\/es\/wp-json\/wp\/v2\/media?parent=250"}],"curies":[{"name":"wp","href":"https:\/\/api.w.org\/{rel}","templated":true}]}}