{"id":268,"date":"2021-01-19T22:19:17","date_gmt":"2021-01-19T22:19:17","guid":{"rendered":"https:\/\/driscoll.gomohealth.care\/fitness-training\/quiz\/"},"modified":"2021-01-19T22:19:17","modified_gmt":"2021-01-19T22:19:17","slug":"quiz","status":"publish","type":"page","link":"https:\/\/driscoll.gomohealth.care\/es\/fitness\/quiz\/","title":{"rendered":"Quiz"},"content":{"rendered":"<script type=\"text\/javascript\">var gform;gform||(document.addEventListener(\"gform_main_scripts_loaded\",function(){gform.scriptsLoaded=!0}),window.addEventListener(\"DOMContentLoaded\",function(){gform.domLoaded=!0}),gform={domLoaded:!1,scriptsLoaded:!1,initializeOnLoaded:function(o){gform.domLoaded&&gform.scriptsLoaded?o():!gform.domLoaded&&gform.scriptsLoaded?window.addEventListener(\"DOMContentLoaded\",o):document.addEventListener(\"gform_main_scripts_loaded\",o)},hooks:{action:{},filter:{}},addAction:function(o,n,r,t){gform.addHook(\"action\",o,n,r,t)},addFilter:function(o,n,r,t){gform.addHook(\"filter\",o,n,r,t)},doAction:function(o){gform.doHook(\"action\",o,arguments)},applyFilters:function(o){return gform.doHook(\"filter\",o,arguments)},removeAction:function(o,n){gform.removeHook(\"action\",o,n)},removeFilter:function(o,n,r){gform.removeHook(\"filter\",o,n,r)},addHook:function(o,n,r,t,i){null==gform.hooks[o][n]&&(gform.hooks[o][n]=[]);var e=gform.hooks[o][n];null==i&&(i=n+\"_\"+e.length),gform.hooks[o][n].push({tag:i,callable:r,priority:t=null==t?10:t})},doHook:function(n,o,r){var t;if(r=Array.prototype.slice.call(r,1),null!=gform.hooks[n][o]&&((o=gform.hooks[n][o]).sort(function(o,n){return o.priority-n.priority}),o.forEach(function(o){\"function\"!=typeof(t=o.callable)&&(t=window[t]),\"action\"==n?t.apply(null,r):r[0]=t.apply(null,r)})),\"filter\"==n)return r[0]},removeHook:function(o,n,t,i){var r;null!=gform.hooks[o][n]&&(r=(r=gform.hooks[o][n]).filter(function(o,n,r){return!!(null!=i&&i!=o.tag||null!=t&&t!=o.priority)}),gform.hooks[o][n]=r)}});<\/script>\n                <div class='gf_browser_gecko gform_wrapper gform_legacy_markup_wrapper' id='gform_wrapper_12' style='display:none'><div id='gf_12' class='gform_anchor' tabindex='-1'><\/div><form method='post' enctype='multipart\/form-data' target='gform_ajax_frame_12' id='gform_12'  action='\/es\/wp-json\/wp\/v2\/pages\/268#gf_12' ><input type=\"hidden\" value=\"0\" name=\"gpps_page_progression_12\" \/>\n                        <div class='gform_body gform-body'><ul id='gform_fields_12' class='gform_fields top_label form_sublabel_below description_below'><li id=\"field_12_21\"  class=\"gfield gfield--width-full gform_hidden field_sublabel_below field_description_below gfield_visibility_visible\"  data-js-reload=\"field_12_21\"><div class='ginput_container ginput_container_text'><input name='input_21' id='input_12_21' type='hidden' class='gform_hidden'  aria-invalid=\"false\" value='' \/><\/div><\/li><li id=\"field_12_22\"  class=\"gfield gfield--width-full gform_hidden field_sublabel_below field_description_below gfield_visibility_visible\"  data-js-reload=\"field_12_22\"><div class='ginput_container ginput_container_text'><input name='input_22' id='input_12_22' type='hidden' class='gform_hidden'  aria-invalid=\"false\" value='' \/><\/div><\/li><li id=\"field_12_16\"  class=\"gfield gfield_html gfield_html_formatted gfield_no_follows_desc field_sublabel_below field_description_below gfield_visibility_visible\"  data-js-reload=\"field_12_16\">Por favor complete el siguiente cuestionario. Una vez que haya seleccionado las respuestas correctas, usted ser\u00e1 capaz de proceder al siguiente paso para reclamar su rastreador de bienestar gratuito.<\/li><li id=\"field_12_18\"  class=\"gfield gfield_contains_required field_sublabel_below field_description_below gfield_visibility_visible\"  data-js-reload=\"field_12_18\"><label class='gfield_label'  >\u00bfCu\u00e1l es el tiempo recomendado para realizar una actividad f\u00edsica moderada?<span class=\"gfield_required\"><span class=\"gfield_required gfield_required_asterisk\">*<\/span><\/span><\/label><div class='ginput_container ginput_container_radio'><ul class='gfield_radio' id='input_12_18'>\n\t\t\t<li class='gchoice gchoice_12_18_0'>\n\t\t\t\t<input name='input_18' type='radio' value='30 minutes for five or more days every week.'  id='choice_12_18_0'    \/>\n\t\t\t\t<label for='choice_12_18_0' id='label_12_18_0'>30 minutos durante cinco o m\u00e1s d\u00edas por semana.<\/label>\n\t\t\t<\/li>\n\t\t\t<li class='gchoice gchoice_12_18_1'>\n\t\t\t\t<input name='input_18' type='radio' value='1 hour for three days every week'  id='choice_12_18_1'    \/>\n\t\t\t\t<label for='choice_12_18_1' id='label_12_18_1'>1 hora durante tres d\u00edas a la semana<\/label>\n\t\t\t<\/li>\n\t\t\t<li class='gchoice gchoice_12_18_2'>\n\t\t\t\t<input name='input_18' type='radio' value='30 minutes twice a day every day'  id='choice_12_18_2'    \/>\n\t\t\t\t<label for='choice_12_18_2' id='label_12_18_2'>30 minutos dos veces al d\u00eda todos los d\u00edas<\/label>\n\t\t\t<\/li><\/ul><\/div><\/li><li id=\"field_12_3\"  class=\"gfield gfield_html gfield_html_formatted gfield_no_follows_desc field_sublabel_below field_description_below gfield_visibility_visible\"  data-js-reload=\"field_12_3\"><p><span style=\"color: rgb(184, 49, 47);\">Oda actividad f\u00edsica es buena, pero es posible que necesite m\u00e1s que eso. Int\u00e9ntelo nuevamente.<\/span><\/p><\/li><li id=\"field_12_4\"  class=\"gfield gfield_html gfield_html_formatted gfield_no_follows_desc field_sublabel_below field_description_below gfield_visibility_visible\"  data-js-reload=\"field_12_4\"><p><span style=\"color: rgb(65, 168, 95);\">\u00a1Correcto! El tiempo de actividad recomendado es de 30 minutos de ejercicio moderado cinco o m\u00e1s d\u00edas por semana. A medida que se fortalezca, podr\u00e1 hacer ejercicio un poco m\u00e1s frecuentemente y por m\u00e1s tiempo.<\/span><\/p><\/li><li id=\"field_12_19\"  class=\"gfield gfield_contains_required field_sublabel_below field_description_below gfield_visibility_visible\"  data-js-reload=\"field_12_19\"><label class='gfield_label'  >Mantener un peso saludable ayuda a mantener un buen nivel de colesterol y reduce los niveles de az\u00facar en la sangre. El ejercicio aumenta los niveles de colesterol buenos y reduce los niveles de colesterol malos.<span class=\"gfield_required\"><span class=\"gfield_required gfield_required_asterisk\">*<\/span><\/span><\/label><div class='ginput_container ginput_container_radio'><ul class='gfield_radio' id='input_12_19'>\n\t\t\t<li class='gchoice gchoice_12_19_0'>\n\t\t\t\t<input name='input_19' type='radio' value='True'  id='choice_12_19_0'    \/>\n\t\t\t\t<label for='choice_12_19_0' id='label_12_19_0'>Verdadero<\/label>\n\t\t\t<\/li>\n\t\t\t<li class='gchoice gchoice_12_19_1'>\n\t\t\t\t<input name='input_19' type='radio' value='False'  id='choice_12_19_1'    \/>\n\t\t\t\t<label for='choice_12_19_1' id='label_12_19_1'>Falso<\/label>\n\t\t\t<\/li><\/ul><\/div><\/li><li id=\"field_12_6\"  class=\"gfield gfield_html gfield_html_formatted gfield_no_follows_desc field_sublabel_below field_description_below gfield_visibility_visible\"  data-js-reload=\"field_12_6\"><p><span style=\"color: rgb(184, 49, 47);\">Mantenerse activo fortalece el cuerpo de muchas maneras. Int\u00e9ntelo nuevamente.<\/span><\/p><\/li><li id=\"field_12_7\"  class=\"gfield gfield_html gfield_html_formatted gfield_no_follows_desc field_sublabel_below field_description_below gfield_visibility_visible\"  data-js-reload=\"field_12_7\"><p><span style=\"color: rgb(65, 168, 95);\">\u00a1Correcto! Coma sanamente, haga ejercicio y mantenga una buena aptitud f\u00edsica para ayudar a controlar su nivel de az\u00facar en sangre y estar saludable.<\/span><\/p><\/li><li id=\"field_12_17\"  class=\"gfield gfield_contains_required field_sublabel_below field_description_below gfield_visibility_visible\"  data-js-reload=\"field_12_17\"><label class='gfield_label'  >Los beneficios de la actividad f\u00edsica pueden mejorar su calidad de vida. Seleccione todas las formas de actividad f\u00edsica.<span class=\"gfield_required\"><span class=\"gfield_required gfield_required_asterisk\">*<\/span><\/span><\/label><div class='ginput_container ginput_container_radio'><ul class='gfield_radio' id='input_12_17'>\n\t\t\t<li class='gchoice gchoice_12_17_0'>\n\t\t\t\t<input name='input_17' type='radio' value='Video games, reading, watching TV, texting, eating'  id='choice_12_17_0'    \/>\n\t\t\t\t<label for='choice_12_17_0' id='label_12_17_0'>Videojuegos, lectura, ver televisi\u00f3n, mensajes de texto, comer<\/label>\n\t\t\t<\/li>\n\t\t\t<li class='gchoice gchoice_12_17_1'>\n\t\t\t\t<input name='input_17' type='radio' value='Walking, biking, gardening, swimming, dancing, housework'  id='choice_12_17_1'    \/>\n\t\t\t\t<label for='choice_12_17_1' id='label_12_17_1'>Caminar, andar en bicicleta, jardiner\u00eda, nataci\u00f3n, baile, tareas dom\u00e9sticas.<\/label>\n\t\t\t<\/li><\/ul><\/div><\/li><li id=\"field_12_9\"  class=\"gfield gfield_html gfield_html_formatted gfield_no_follows_desc field_sublabel_below field_description_below gfield_visibility_visible\"  data-js-reload=\"field_12_9\"><p><span style=\"color: rgb(184, 49, 47);\">Estas actividades pueden ser divertidas, pero no hacen que tu cuerpo se mueva. Int\u00e9ntalo de nuevo.<\/span><\/p><\/li><li id=\"field_12_11\"  class=\"gfield gfield_html gfield_html_formatted gfield_no_follows_desc field_sublabel_below field_description_below gfield_visibility_visible\"  data-js-reload=\"field_12_11\"><p><span style=\"color: rgb(65, 168, 95);\">Correcto! Controle su nivel de az\u00facar en sangre antes y despu\u00e9s de realizar cualquier tipo de actividad f\u00edsica. Aseg\u00farate de comer adecuadamente para evitar los niveles altos y bajos de az\u00facar.<\/span><\/p><\/li><li id=\"field_12_20\"  class=\"gfield gfield_contains_required field_sublabel_below field_description_above gfield_visibility_visible\"  data-js-reload=\"field_12_20\"><label class='gfield_label'  >Las mejores comidas o bocadillos antes de entrenarse:<span class=\"gfield_required\"><span class=\"gfield_required gfield_required_asterisk\">*<\/span><\/span><\/label><div class='gfield_description' id='gfield_description_12_20'><p>A) Un s\u00e1ndwich de pavo en pan de trigo integral con \u00bc de un aguacate, lechuga, tomate y 1 taza de guisantes dulces.<\/p>\r\n<p>B) Un huevo duro y 1 taza de frutos rojos, 1 taza de reques\u00f3n y \u00bd taza de pi\u00f1a, o 1 a 2 cucharadas de mantequilla de man\u00ed y una manzana<\/p><\/div><div class='ginput_container ginput_container_radio'><ul class='gfield_radio' id='input_12_20'>\n\t\t\t<li class='gchoice gchoice_12_20_0'>\n\t\t\t\t<input name='input_20' type='radio' value='A only'  id='choice_12_20_0'    \/>\n\t\t\t\t<label for='choice_12_20_0' id='label_12_20_0'>S\u00f3lo A<\/label>\n\t\t\t<\/li>\n\t\t\t<li class='gchoice gchoice_12_20_1'>\n\t\t\t\t<input name='input_20' type='radio' value='B only'  id='choice_12_20_1'    \/>\n\t\t\t\t<label for='choice_12_20_1' id='label_12_20_1'>S\u00f3lo B<\/label>\n\t\t\t<\/li>\n\t\t\t<li class='gchoice gchoice_12_20_2'>\n\t\t\t\t<input name='input_20' type='radio' value='A and B'  id='choice_12_20_2'    \/>\n\t\t\t\t<label for='choice_12_20_2' id='label_12_20_2'>A y B<\/label>\n\t\t\t<\/li><\/ul><\/div><\/li><li id=\"field_12_13\"  class=\"gfield gfield_html gfield_html_formatted field_sublabel_below field_description_below gfield_visibility_visible\"  data-js-reload=\"field_12_13\"><p><span style=\"color: rgb(184, 49, 47);\">\u00a1Una excelente opci\u00f3n! \u00bfLas otras opciones de comida tambi\u00e9n ser\u00edan adecuadas? Int\u00e9ntelo nuevamente.<\/span><\/p><\/li><li id=\"field_12_14\"  class=\"gfield gfield_html gfield_html_formatted gfield_no_follows_desc field_sublabel_below field_description_below gfield_visibility_visible\"  data-js-reload=\"field_12_14\"><p><span style=\"color: rgb(65, 168, 95);\">As\u00ed es! Aseg\u00farese de comer adecuadamente para evitar los niveles altos y bajos de az\u00facar. Alimente su cuerpo en los momentos adecuados y con los alimentos adecuados. Tanto el ejercicio como las comidas afectan el nivel de az\u00facar en sangre.<span><\/p><\/li><\/ul><\/div>\n        <div class='gform_footer top_label'> <input type='submit' id='gform_submit_button_12' class='gform_button button' value='Terminar'  onclick='if(window[\"gf_submitting_12\"]){return false;}  window[\"gf_submitting_12\"]=true;  ' onkeypress='if( event.keyCode == 13 ){ if(window[\"gf_submitting_12\"]){return false;} window[\"gf_submitting_12\"]=true;  jQuery(\"#gform_12\").trigger(\"submit\",[true]); }' \/> <input type='hidden' name='gform_ajax' value='form_id=12&amp;title=&amp;description=&amp;tabindex=0' \/>\n            <input type='hidden' class='gform_hidden' name='is_submit_12' value='1' \/>\n            <input type='hidden' class='gform_hidden' name='gform_submit' value='12' \/>\n            \n            <input type='hidden' class='gform_hidden' name='gform_unique_id' value='' \/>\n            <input type='hidden' class='gform_hidden' name='state_12' value='WyJbXSIsIjI4OGJiZjIyYWI5ZDFhYjgzOTIwYTUwODNlODQ2YzBlIl0=' \/>\n            <input type='hidden' class='gform_hidden' name='gform_target_page_number_12' id='gform_target_page_number_12' value='0' \/>\n            <input type='hidden' class='gform_hidden' name='gform_source_page_number_12' id='gform_source_page_number_12' value='1' \/>\n            <input type='hidden' name='gform_field_values' value='' \/>\n            \n        <\/div>\n                        <p style=\"display: none !important;\"><label>&#916;<textarea name=\"ak_hp_textarea\" cols=\"45\" rows=\"8\" maxlength=\"100\"><\/textarea><\/label><input type=\"hidden\" id=\"ak_js_1\" name=\"ak_js\" value=\"93\"\/><script>document.getElementById( \"ak_js_1\" ).setAttribute( \"value\", ( new Date() ).getTime() );<\/script><\/p><\/form>\n                        <\/div>\n                <iframe style='display:none;width:0px;height:0px;' src='about:blank' name='gform_ajax_frame_12' id='gform_ajax_frame_12' title='Este iframe contiene la l\u00f3gica necesaria para gestionar formularios con ajax activado.'><\/iframe>\n                <script type=\"text\/javascript\">\ngform.initializeOnLoaded( function() {gformInitSpinner( 12, '\/wp-content\/plugins\/gravityforms\/images\/spinner.svg' );jQuery('#gform_ajax_frame_12').on('load',function(){var contents = jQuery(this).contents().find('*').html();var is_postback = contents.indexOf('GF_AJAX_POSTBACK') >= 0;if(!is_postback){return;}var form_content = jQuery(this).contents().find('#gform_wrapper_12');var is_confirmation = jQuery(this).contents().find('#gform_confirmation_wrapper_12').length > 0;var is_redirect = contents.indexOf('gformRedirect(){') >= 0;var is_form = form_content.length > 0 && ! is_redirect && ! is_confirmation;var mt = parseInt(jQuery('html').css('margin-top'), 10) + parseInt(jQuery('body').css('margin-top'), 10) + 100;if(is_form){jQuery('#gform_wrapper_12').html(form_content.html());if(form_content.hasClass('gform_validation_error')){jQuery('#gform_wrapper_12').addClass('gform_validation_error');} else {jQuery('#gform_wrapper_12').removeClass('gform_validation_error');}setTimeout( function() { \/* delay the scroll by 50 milliseconds to fix a bug in chrome *\/ jQuery(document).scrollTop(jQuery('#gform_wrapper_12').offset().top - mt); }, 50 );if(window['gformInitDatepicker']) {gformInitDatepicker();}if(window['gformInitPriceFields']) {gformInitPriceFields();}var current_page = jQuery('#gform_source_page_number_12').val();gformInitSpinner( 12, '\/wp-content\/plugins\/gravityforms\/images\/spinner.svg' );jQuery(document).trigger('gform_page_loaded', [12, current_page]);window['gf_submitting_12'] = false;}else if(!is_redirect){var confirmation_content = jQuery(this).contents().find('.GF_AJAX_POSTBACK').html();if(!confirmation_content){confirmation_content = contents;}setTimeout(function(){jQuery('#gform_wrapper_12').replaceWith(confirmation_content);jQuery(document).scrollTop(jQuery('#gf_12').offset().top - mt);jQuery(document).trigger('gform_confirmation_loaded', [12]);window['gf_submitting_12'] = false;wp.a11y.speak(jQuery('#gform_confirmation_message_12').text());}, 50);}else{jQuery('#gform_12').append(contents);if(window['gformRedirect']) {gformRedirect();}}jQuery(document).trigger('gform_post_render', [12, current_page]);} );} );\n<\/script>\n\n","protected":false},"excerpt":{"rendered":"","protected":false},"author":1,"featured_media":0,"parent":250,"menu_order":0,"comment_status":"closed","ping_status":"closed","template":"","meta":[],"yoast_head":"<!-- This site is optimized with the Yoast SEO plugin v19.10 - https:\/\/yoast.com\/wordpress\/plugins\/seo\/ -->\n<title>Quiz | Driscoll Health Plan<\/title>\n<meta name=\"robots\" content=\"index, follow, max-snippet:-1, max-image-preview:large, max-video-preview:-1\" \/>\n<link rel=\"canonical\" href=\"https:\/\/driscoll.gomohealth.care\/es\/fitness\/quiz\/\" \/>\n<meta property=\"og:locale\" content=\"es_ES\" \/>\n<meta property=\"og:type\" content=\"article\" \/>\n<meta property=\"og:title\" content=\"Quiz | Driscoll Health Plan\" \/>\n<meta property=\"og:url\" content=\"https:\/\/driscoll.gomohealth.care\/es\/fitness\/quiz\/\" \/>\n<meta property=\"og:site_name\" content=\"Driscoll HRAs\" \/>\n<meta name=\"twitter:card\" content=\"summary_large_image\" \/>\n<script type=\"application\/ld+json\" class=\"yoast-schema-graph\">{\"@context\":\"https:\/\/schema.org\",\"@graph\":[{\"@type\":\"WebPage\",\"@id\":\"https:\/\/driscoll.gomohealth.care\/es\/fitness\/quiz\/\",\"url\":\"https:\/\/driscoll.gomohealth.care\/es\/fitness\/quiz\/\",\"name\":\"Quiz | Driscoll Health Plan\",\"isPartOf\":{\"@id\":\"https:\/\/driscoll.gomohealth.care\/es\/#website\"},\"datePublished\":\"2021-01-19T22:19:17+00:00\",\"dateModified\":\"2021-01-19T22:19:17+00:00\",\"breadcrumb\":{\"@id\":\"https:\/\/driscoll.gomohealth.care\/es\/fitness\/quiz\/#breadcrumb\"},\"inLanguage\":\"es\",\"potentialAction\":[{\"@type\":\"ReadAction\",\"target\":[\"https:\/\/driscoll.gomohealth.care\/es\/fitness\/quiz\/\"]}]},{\"@type\":\"BreadcrumbList\",\"@id\":\"https:\/\/driscoll.gomohealth.care\/es\/fitness\/quiz\/#breadcrumb\",\"itemListElement\":[{\"@type\":\"ListItem\",\"position\":1,\"name\":\"Home\",\"item\":\"https:\/\/driscoll.gomohealth.care\/es\/\"},{\"@type\":\"ListItem\",\"position\":2,\"name\":\"Fitness Training\",\"item\":\"https:\/\/driscoll.gomohealth.care\/es\/fitness\/\"},{\"@type\":\"ListItem\",\"position\":3,\"name\":\"Quiz\"}]},{\"@type\":\"WebSite\",\"@id\":\"https:\/\/driscoll.gomohealth.care\/es\/#website\",\"url\":\"https:\/\/driscoll.gomohealth.care\/es\/\",\"name\":\"Driscoll HRAs\",\"description\":\"Just another GoMo Health Sites site\",\"potentialAction\":[{\"@type\":\"SearchAction\",\"target\":{\"@type\":\"EntryPoint\",\"urlTemplate\":\"https:\/\/driscoll.gomohealth.care\/es\/?s={search_term_string}\"},\"query-input\":\"required name=search_term_string\"}],\"inLanguage\":\"es\"}]}<\/script>\n<!-- \/ Yoast SEO plugin. -->","yoast_head_json":{"title":"Quiz | Driscoll Health Plan","robots":{"index":"index","follow":"follow","max-snippet":"max-snippet:-1","max-image-preview":"max-image-preview:large","max-video-preview":"max-video-preview:-1"},"canonical":"https:\/\/driscoll.gomohealth.care\/es\/fitness\/quiz\/","og_locale":"es_ES","og_type":"article","og_title":"Quiz | Driscoll Health Plan","og_url":"https:\/\/driscoll.gomohealth.care\/es\/fitness\/quiz\/","og_site_name":"Driscoll HRAs","twitter_card":"summary_large_image","schema":{"@context":"https:\/\/schema.org","@graph":[{"@type":"WebPage","@id":"https:\/\/driscoll.gomohealth.care\/es\/fitness\/quiz\/","url":"https:\/\/driscoll.gomohealth.care\/es\/fitness\/quiz\/","name":"Quiz | Driscoll Health Plan","isPartOf":{"@id":"https:\/\/driscoll.gomohealth.care\/es\/#website"},"datePublished":"2021-01-19T22:19:17+00:00","dateModified":"2021-01-19T22:19:17+00:00","breadcrumb":{"@id":"https:\/\/driscoll.gomohealth.care\/es\/fitness\/quiz\/#breadcrumb"},"inLanguage":"es","potentialAction":[{"@type":"ReadAction","target":["https:\/\/driscoll.gomohealth.care\/es\/fitness\/quiz\/"]}]},{"@type":"BreadcrumbList","@id":"https:\/\/driscoll.gomohealth.care\/es\/fitness\/quiz\/#breadcrumb","itemListElement":[{"@type":"ListItem","position":1,"name":"Home","item":"https:\/\/driscoll.gomohealth.care\/es\/"},{"@type":"ListItem","position":2,"name":"Fitness Training","item":"https:\/\/driscoll.gomohealth.care\/es\/fitness\/"},{"@type":"ListItem","position":3,"name":"Quiz"}]},{"@type":"WebSite","@id":"https:\/\/driscoll.gomohealth.care\/es\/#website","url":"https:\/\/driscoll.gomohealth.care\/es\/","name":"Driscoll HRAs","description":"Just another GoMo Health Sites site","potentialAction":[{"@type":"SearchAction","target":{"@type":"EntryPoint","urlTemplate":"https:\/\/driscoll.gomohealth.care\/es\/?s={search_term_string}"},"query-input":"required name=search_term_string"}],"inLanguage":"es"}]}},"_links":{"self":[{"href":"https:\/\/driscoll.gomohealth.care\/es\/wp-json\/wp\/v2\/pages\/268"}],"collection":[{"href":"https:\/\/driscoll.gomohealth.care\/es\/wp-json\/wp\/v2\/pages"}],"about":[{"href":"https:\/\/driscoll.gomohealth.care\/es\/wp-json\/wp\/v2\/types\/page"}],"author":[{"embeddable":true,"href":"https:\/\/driscoll.gomohealth.care\/es\/wp-json\/wp\/v2\/users\/1"}],"replies":[{"embeddable":true,"href":"https:\/\/driscoll.gomohealth.care\/es\/wp-json\/wp\/v2\/comments?post=268"}],"version-history":[{"count":0,"href":"https:\/\/driscoll.gomohealth.care\/es\/wp-json\/wp\/v2\/pages\/268\/revisions"}],"up":[{"embeddable":true,"href":"https:\/\/driscoll.gomohealth.care\/es\/wp-json\/wp\/v2\/pages\/250"}],"wp:attachment":[{"href":"https:\/\/driscoll.gomohealth.care\/es\/wp-json\/wp\/v2\/media?parent=268"}],"curies":[{"name":"wp","href":"https:\/\/api.w.org\/{rel}","templated":true}]}}