{"id":848,"date":"2023-03-01T17:26:56","date_gmt":"2023-03-01T17:26:56","guid":{"rendered":"https:\/\/driscoll.gomohealth.care\/terms-and-conditions-2\/"},"modified":"2023-03-01T17:27:53","modified_gmt":"2023-03-01T17:27:53","slug":"terms-and-conditions-2","status":"publish","type":"page","link":"https:\/\/driscoll.gomohealth.care\/es\/","title":{"rendered":"Terms and Conditions"},"content":{"rendered":"<div class=\"fusion-fullwidth fullwidth-box fusion-builder-row-1 nonhundred-percent-fullwidth non-hundred-percent-height-scrolling\" style=\"background-color: rgba(255,255,255,0);background-position: center center;background-repeat: no-repeat;padding-top:0px;padding-right:0px;padding-bottom:0px;padding-left:0px;margin-bottom: 0px;margin-top: 0px;border-width: 0px 0px 0px 0px;border-color:#eae9e9;border-style:solid;\" ><div class=\"fusion-builder-row fusion-row\"><div class=\"fusion-layout-column fusion_builder_column fusion-builder-column-0 fusion_builder_column_1_1 1_1 fusion-one-full fusion-column-first fusion-column-last\" style=\"margin-top:0px;margin-bottom:20px;\"><div class=\"fusion-column-wrapper fusion-flex-column-wrapper-legacy\" style=\"background-position:left top;background-repeat:no-repeat;-webkit-background-size:cover;-moz-background-size:cover;-o-background-size:cover;background-size:cover;padding: 0px 0px 0px 0px;\"><div class=\"fusion-text fusion-text-1\"><div class=\"fusion-text\">\n<h2 data-fontsize=\"22\" data-lineheight=\"27\">LEA ESTOS T\u00c9RMINOS Y CONDICIONES DE USO CON ATENCI\u00d3N ANTES DE USAR ESTE SITIO.<\/h2>\n<p>El uso de este sitio significa su consentimiento a los t\u00e9rminos y condiciones indicados a continuaci\u00f3n. Si no est\u00e1 de acuerdo con todos estos t\u00e9rminos y condiciones de uso, \u00a1no use este sitio!<\/p>\n<p>Gold Group Enterprises, Inc. (GoMo Health) puede revisar y actualizar estos T\u00e9rminos y condiciones en cualquier momento. La continuidad de uso de las p\u00e1ginas de GoMo Health (\u201cGoMo Health\u201d, \u201cSitio\u201d o \u201cP\u00e1ginas\u201d) implica que acepta esos cambios.<\/p>\n<h2 data-fontsize=\"22\" data-lineheight=\"27\">\u00cdNDICE<\/h2>\n<p>El sitio no brinda asesoramiento m\u00e9dico<br \/>\nPol\u00edtica de privacidad<br \/>\nInformaci\u00f3n personal<br \/>\nTexto y correo electr\u00f3nico<br \/>\nInformaci\u00f3n obtenida por medios tecnol\u00f3gicos<br \/>\nUso y divulgaci\u00f3n de la informaci\u00f3n<br \/>\nSus elecciones sobre su informaci\u00f3n personal<br \/>\nInformaci\u00f3n personal de los menores<br \/>\nAcceso a la informaci\u00f3n personal<br \/>\nDerecho de autor<br \/>\nCambios en las pol\u00edticas<\/p>\n<h2 id=\"1\" data-fontsize=\"22\" data-lineheight=\"27\">El sitio no brinda asesoramiento m\u00e9dico<\/h2>\n<p>El contenido de esta p\u00e1gina, incluido texto, gr\u00e1ficos, im\u00e1genes, videos y otros materiales son para fines informativos solamente y no se deben interpretar como asesoramiento m\u00e9dico o servir como base de diagn\u00f3stico o recomendaci\u00f3n de tratamiento.<\/p>\n<p>Siempre consulte al m\u00e9dico u otro profesional de atenci\u00f3n m\u00e9dica respecto de cualquier problema m\u00e9dico personal. Nunca desestime el asesoramiento m\u00e9dico profesional ni demore en buscar atenci\u00f3n m\u00e9dica por algo que haya visto o le\u00eddo en este sitio. Para emergencias m\u00e9dicas, contacte a su proveedor de atenci\u00f3n m\u00e9dica o llame al 911 de inmediato.<\/p>\n<h2 id=\"2\" data-fontsize=\"22\" data-lineheight=\"27\">Pol\u00edtica de privacidad<\/h2>\n<p>GoMo Health respeta su privacidad. GoMo Health proporciona una plataforma de software y contenido educativo disponible por medio de un enlace en un mensaje de texto o correo electr\u00f3nico. GoMo Health no vende, comercializa o alquila su informaci\u00f3n personal a otras empresas o personas. GoMo Health utiliza la tecnolog\u00eda Secure Sockets Layer (SSL) l\u00edder en la industria para mantener su informaci\u00f3n personal lo m\u00e1s segura posible. Solo usamos su informaci\u00f3n para sus fines previstos. Al participar, le da a GoMo Health permiso para entregar su informaci\u00f3n de contacto a la organizaci\u00f3n de clientes de GoMo Health con la cual est\u00e9 asociado. GoMo Health puede usar la informaci\u00f3n recopilada a trav\u00e9s de sus servicios y sitio web para fines de investigaci\u00f3n y desarrollo. No obstante, tal uso no incluir\u00e1 informaci\u00f3n personalmente identificable en tal investigaci\u00f3n o an\u00e1lisis. La informaci\u00f3n personal recopilada se almacena en nuestra base de datos segura y nos reservamos el derecho de divulgar informaci\u00f3n seg\u00fan sea necesario para cumplir con cualquier ley estatal o federal.<\/p>\n<h2 id=\"3\" data-fontsize=\"22\" data-lineheight=\"27\">Informaci\u00f3n personal<\/h2>\n<p>Recopilamos Informaci\u00f3n personal que usted nos entrega voluntariamente a trav\u00e9s de un formulario o encuesta de GoMo Health. Tambi\u00e9n podemos recibir Informaci\u00f3n personal sobre usted de la organizaci\u00f3n de clientes de GoMo Health con la que est\u00e9 asociado. Podemos asociar informaci\u00f3n de estas dos fuentes.<\/p>\n<h2 id=\"4\" data-fontsize=\"22\" data-lineheight=\"27\">Texto y correo electr\u00f3nico<\/h2>\n<p>Si nos env\u00eda un mensaje de texto o correo electr\u00f3nico, recopilaremos su n\u00famero de tel\u00e9fono celular o correo electr\u00f3nico y el contenido de su mensaje, incluidos archivos adjuntos u otra informaci\u00f3n que brinde. Podemos usar la informaci\u00f3n para enviarle contenido educativo o informativo apropiado. Puede indicar su preferencia de dejar de recibir comunicaciones (Consulte Sus elecciones sobre su informaci\u00f3n personal).<\/p>\n<h2 id=\"5\" data-fontsize=\"22\" data-lineheight=\"27\">Informaci\u00f3n obtenida por medios tecnol\u00f3gicos<\/h2>\n<p>Al usar esta p\u00e1gina, cierta informaci\u00f3n se puede recopilar y almacenar de forma pasiva en nuestros registros de servidores o los de nuestros proveedores de servicios, incluida su direcci\u00f3n de Protocolo de Internet, tipo de navegador y sistema operativo. Tambi\u00e9n usamos Cookies y datos de navegaci\u00f3n, como Uniform Resource Locators (\u201cURLs\u201d) para obtener informaci\u00f3n sobre la fecha y hora de su visita y la informaci\u00f3n que visualiz\u00f3. Una direcci\u00f3n de protocolo de Internet o \u201cDirecci\u00f3n IP\u201d es un n\u00famero que se le asigna autom\u00e1ticamente a su computadora cuando usa Internet. En algunos casos, su Direcci\u00f3n IP es la misma de una sesi\u00f3n de navegador a otra, pero, si usa un proveedor de acceso a Internet de consumidor, su direcci\u00f3n IP probablemente var\u00ede de una sesi\u00f3n a otra. Las \u201cCookies\u201d son trozos de informaci\u00f3n que el sitio web env\u00eda al disco r\u00edgido de su computadora mientras usted visualiza un sitio. Podemos usar Cookies de sesi\u00f3n (que caducan cuando cierra su navegador) y Cookies persistentes (que permanecen en su computadora hasta que las elimine) para darle una experiencia m\u00e1s personal e interactiva. Las Cookies persistentes se pueden eliminar siguiendo las instrucciones del archivo de ayuda de su navegador de Internet. Puede administrar sus preferencias de cookies por medio de sus ajustes de navegador (consulte http:\/\/www.aboutcookies.org para obtener m\u00e1s informaci\u00f3n)<\/p>\n<h2 id=\"6\" data-fontsize=\"22\" data-lineheight=\"27\">Uso y divulgaci\u00f3n de la informaci\u00f3n<\/h2>\n<p>En general, la Informaci\u00f3n personal y otra informaci\u00f3n que nos env\u00eda o comparte con nosotros se usa para los siguientes fines: para habilitarle el acceso a nuestros servicios, para personalizar el contenido que recibe de nosotros y para ofrecerle informaci\u00f3n adicional y funcionalidades, nuestras o de nuestro cliente, a pedido suyo.<\/p>\n<p>Salvo indicaci\u00f3n en contrario en esta Pol\u00edtica de privacidad, no vendemos, comercializamos ni alquilamos o compartimos de otra manera con terceros la Informaci\u00f3n personal que recopilamos.<\/p>\n<p>Podemos brindar su Informaci\u00f3n personal a proveedores de servicios externos o afiliados que trabajen en nombre nuestro o con nosotros para brindar algunos de los servicios y funciones de GoMo Health y para que nos ayuden a comunicarnos con usted. Ejemplos de tales servicios incluyen el env\u00edo de mensajes de texto o correos electr\u00f3nicos, an\u00e1lisis de datos, procesamiento de pago de recompensas y prestaci\u00f3n de servicio al cliente. Limitamos la informaci\u00f3n suministrada a los proveedores de servicios externos y afiliados mencionados, si es necesario para que estos presten los servicios, y exigimos a tales proveedores de servicios prometer no usar la informaci\u00f3n excepto cuando sea necesario para prestarnos los servicios pertinentes. Si no quiere que usemos o divulguemos Informaci\u00f3n personal recopilada sobre usted de la manera indicada en esta Pol\u00edtica de privacidad, no puede usar GoMo Health.<\/p>\n<p>Usamos Google Analytics para entender mejor c\u00f3mo interact\u00faan los visitantes con nuestro sitio. Este servicio brinda datos no identificables personalmente, incluidos, entre otros, los datos sobre la procedencia de los visitantes, las acciones que realizaron en nuestro sitio y a d\u00f3nde fueron los visitantes cuando abandonaron nuestro sitio.<\/p>\n<p>Podemos tambi\u00e9n desarrollar informaci\u00f3n no personal sobre visitantes de las p\u00e1ginas de GoMo Health, mediante procesos de desidentificaci\u00f3n, para ayudar a garantizar que la informaci\u00f3n no se pueda volver a asociar o conectar razonablemente con usted como persona. En general, agrupamos esta informaci\u00f3n y la usamos en an\u00e1lisis estad\u00edstico para analizar patrones en el uso de p\u00e1ginas de GoMo Health. Esta Pol\u00edtica de privacidad no limita nuestro uso o divulgaci\u00f3n de informaci\u00f3n desidentificada (es decir, no conectada a usted como usuario) de ninguna manera, y nos reservamos el derecho de usar y divulgar esa informaci\u00f3n a nuestros socios, publicistas y otros terceros a nuestro criterio.<\/p>\n<p>En caso de que tengamos una transici\u00f3n comercial, como una fusi\u00f3n, adquisici\u00f3n de otra empresa o venta de todo o parte de nuestros activos, su Informaci\u00f3n personal podr\u00e1 estar entre los activos transferidos. Usted reconoce que tales transferencias pueden ocurrir y est\u00e1n permitidas por esta Pol\u00edtica de privacidad y todo adquirente seguir\u00e1 procesando su Informaci\u00f3n personal como se indica en esta Pol\u00edtica de privacidad.<\/p>\n<p>Podremos divulgar su Informaci\u00f3n personal si creemos de buena fe que tal divulgaci\u00f3n es necesaria para (a) cumplir las leyes pertinentes o responder a citaciones u \u00f3rdenes judiciales que nos notifiquen, o (b) proteger y defender nuestros derechos, propiedad, o a usted. Usted por el presente nos da su consentimiento para que compartamos su Informaci\u00f3n personal en las circunstancias descritas en el presente.<\/p>\n<h2 id=\"7\" data-fontsize=\"22\" data-lineheight=\"27\">Sus elecciones sobre su informaci\u00f3n personal<\/h2>\n<p>Le ofrecemos elecciones sobre la recopilaci\u00f3n, uso y uso compartido de su Informaci\u00f3n personal. Tiene derecho a impedirnos contactarnos con usted por mensaje de texto en cualquier momento, respondiendo STOP (DETENER) en cualquier ocasi\u00f3n en que reciba un mensaje de texto. Si lo contactan por correo electr\u00f3nico, tendr\u00e1 oportunidad de \u201cexcluirse\u201d siguiendo las instrucciones para cancelar la suscripci\u00f3n que se env\u00edan en el correo electr\u00f3nico que reciba. Tambi\u00e9n se puede comunicar con nosotros directamente a support@mymobilemsg.com.<\/p>\n<h2 id=\"8\" data-fontsize=\"22\" data-lineheight=\"27\">Informaci\u00f3n personal de los menores<\/h2>\n<p>Nos comprometemos a proteger la privacidad de los menores. Tenga en cuenta que este sitio no est\u00e1 destinado ni dise\u00f1ado para atraer ni\u00f1os menores de 13 a\u00f1os. No recopilamos deliberadamente informaci\u00f3n de identificaci\u00f3n personal de ninguna persona menor de 13 a\u00f1os sin el permiso de sus padres.<\/p>\n<h2 id=\"9\" data-fontsize=\"22\" data-lineheight=\"27\">Acceso a la informaci\u00f3n personal<\/h2>\n<p>Tiene derecho a pedir copia de la Informaci\u00f3n personal que tenemos sobre usted. Si quiere una copia de todo o parte de su Informaci\u00f3n personal, cont\u00e1ctenos a support@mymobilemsg.com. Podemos cobrar un cargo razonable por este servicio. Queremos asegurarnos de que su informaci\u00f3n sea correcta y est\u00e9 actualizada. Puede pedirnos que corrijamos o eliminemos informaci\u00f3n que crea incorrecta.<\/p>\n<h2 id=\"10\" data-fontsize=\"22\" data-lineheight=\"27\">Derecho de autor<\/h2>\n<p>Todo el contenido e im\u00e1genes se toman de la web y se presume que son de naturaleza p\u00fablica. No se pretende infringir ning\u00fan derecho de autor. Todas las fuentes se indican y son responsables de su contenido respectivo. Se cumplir\u00e1 cualquier pedido de eliminaci\u00f3n de material protegido por derecho de autor.<\/p>\n<h2 id=\"11\" data-fontsize=\"22\" data-lineheight=\"27\">Cambios en las pol\u00edticas<\/h2>\n<p>Las pol\u00edticas est\u00e1n sujetas a revisi\u00f3n a nuestro criterio. Si hacemos cambios sustanciales en nuestra forma de usar su Informaci\u00f3n personal, publicaremos una alerta en esta p\u00e1gina. Si no est\u00e1 de acuerdo con tales cambios, puede dejar de usar GoMo Health. La continuidad de uso de GoMo Health despu\u00e9s de la publicaci\u00f3n del aviso de tal cambio indicar\u00e1 que reconoce tales cambios y acepta los t\u00e9rminos y condiciones de tales cambios.<\/p>\n<pre>Updated 11\/10\/2014<\/pre>\n<\/div>\n<\/div><div class=\"fusion-clearfix\"><\/div><\/div><\/div><\/div><\/div>\n","protected":false},"excerpt":{"rendered":"","protected":false},"author":1,"featured_media":0,"parent":0,"menu_order":0,"comment_status":"closed","ping_status":"closed","template":"","meta":[],"yoast_head":"<!-- This site is optimized with the Yoast SEO plugin v19.10 - https:\/\/yoast.com\/wordpress\/plugins\/seo\/ -->\n<title>Terms and Conditions | Driscoll Health Plan<\/title>\n<meta name=\"robots\" content=\"index, follow, max-snippet:-1, max-image-preview:large, max-video-preview:-1\" \/>\n<link rel=\"canonical\" href=\"https:\/\/driscoll.gomohealth.care\/es\/\" \/>\n<meta property=\"og:locale\" content=\"es_ES\" \/>\n<meta property=\"og:type\" content=\"article\" \/>\n<meta property=\"og:title\" content=\"Terms and Conditions | Driscoll Health Plan\" \/>\n<meta property=\"og:url\" content=\"https:\/\/driscoll.gomohealth.care\/es\/\" \/>\n<meta property=\"og:site_name\" content=\"Driscoll HRAs\" \/>\n<meta property=\"article:modified_time\" content=\"2023-03-01T17:27:53+00:00\" \/>\n<meta name=\"twitter:card\" content=\"summary_large_image\" \/>\n<meta name=\"twitter:label1\" content=\"Tiempo de lectura\" \/>\n\t<meta name=\"twitter:data1\" content=\"8 minutos\" \/>\n<script type=\"application\/ld+json\" class=\"yoast-schema-graph\">{\"@context\":\"https:\/\/schema.org\",\"@graph\":[{\"@type\":\"WebPage\",\"@id\":\"https:\/\/driscoll.gomohealth.care\/es\/\",\"url\":\"https:\/\/driscoll.gomohealth.care\/es\/\",\"name\":\"Terms and Conditions | Driscoll Health Plan\",\"isPartOf\":{\"@id\":\"https:\/\/driscoll.gomohealth.care\/es\/#website\"},\"datePublished\":\"2023-03-01T17:26:56+00:00\",\"dateModified\":\"2023-03-01T17:27:53+00:00\",\"breadcrumb\":{\"@id\":\"https:\/\/driscoll.gomohealth.care\/es\/#breadcrumb\"},\"inLanguage\":\"es\",\"potentialAction\":[{\"@type\":\"ReadAction\",\"target\":[\"https:\/\/driscoll.gomohealth.care\/es\/\"]}]},{\"@type\":\"BreadcrumbList\",\"@id\":\"https:\/\/driscoll.gomohealth.care\/es\/#breadcrumb\",\"itemListElement\":[{\"@type\":\"ListItem\",\"position\":1,\"name\":\"Home\",\"item\":\"https:\/\/driscoll.gomohealth.care\/es\/\"},{\"@type\":\"ListItem\",\"position\":2,\"name\":\"Terms and Conditions\"}]},{\"@type\":\"WebSite\",\"@id\":\"https:\/\/driscoll.gomohealth.care\/es\/#website\",\"url\":\"https:\/\/driscoll.gomohealth.care\/es\/\",\"name\":\"Driscoll HRAs\",\"description\":\"Just another GoMo Health Sites site\",\"potentialAction\":[{\"@type\":\"SearchAction\",\"target\":{\"@type\":\"EntryPoint\",\"urlTemplate\":\"https:\/\/driscoll.gomohealth.care\/es\/?s={search_term_string}\"},\"query-input\":\"required name=search_term_string\"}],\"inLanguage\":\"es\"}]}<\/script>\n<!-- \/ Yoast SEO plugin. -->","yoast_head_json":{"title":"Terms and Conditions | Driscoll Health Plan","robots":{"index":"index","follow":"follow","max-snippet":"max-snippet:-1","max-image-preview":"max-image-preview:large","max-video-preview":"max-video-preview:-1"},"canonical":"https:\/\/driscoll.gomohealth.care\/es\/","og_locale":"es_ES","og_type":"article","og_title":"Terms and Conditions | Driscoll Health Plan","og_url":"https:\/\/driscoll.gomohealth.care\/es\/","og_site_name":"Driscoll HRAs","article_modified_time":"2023-03-01T17:27:53+00:00","twitter_card":"summary_large_image","twitter_misc":{"Tiempo de lectura":"8 minutos"},"schema":{"@context":"https:\/\/schema.org","@graph":[{"@type":"WebPage","@id":"https:\/\/driscoll.gomohealth.care\/es\/","url":"https:\/\/driscoll.gomohealth.care\/es\/","name":"Terms and Conditions | Driscoll Health Plan","isPartOf":{"@id":"https:\/\/driscoll.gomohealth.care\/es\/#website"},"datePublished":"2023-03-01T17:26:56+00:00","dateModified":"2023-03-01T17:27:53+00:00","breadcrumb":{"@id":"https:\/\/driscoll.gomohealth.care\/es\/#breadcrumb"},"inLanguage":"es","potentialAction":[{"@type":"ReadAction","target":["https:\/\/driscoll.gomohealth.care\/es\/"]}]},{"@type":"BreadcrumbList","@id":"https:\/\/driscoll.gomohealth.care\/es\/#breadcrumb","itemListElement":[{"@type":"ListItem","position":1,"name":"Home","item":"https:\/\/driscoll.gomohealth.care\/es\/"},{"@type":"ListItem","position":2,"name":"Terms and Conditions"}]},{"@type":"WebSite","@id":"https:\/\/driscoll.gomohealth.care\/es\/#website","url":"https:\/\/driscoll.gomohealth.care\/es\/","name":"Driscoll HRAs","description":"Just another GoMo Health Sites site","potentialAction":[{"@type":"SearchAction","target":{"@type":"EntryPoint","urlTemplate":"https:\/\/driscoll.gomohealth.care\/es\/?s={search_term_string}"},"query-input":"required name=search_term_string"}],"inLanguage":"es"}]}},"_links":{"self":[{"href":"https:\/\/driscoll.gomohealth.care\/es\/wp-json\/wp\/v2\/pages\/848"}],"collection":[{"href":"https:\/\/driscoll.gomohealth.care\/es\/wp-json\/wp\/v2\/pages"}],"about":[{"href":"https:\/\/driscoll.gomohealth.care\/es\/wp-json\/wp\/v2\/types\/page"}],"author":[{"embeddable":true,"href":"https:\/\/driscoll.gomohealth.care\/es\/wp-json\/wp\/v2\/users\/1"}],"replies":[{"embeddable":true,"href":"https:\/\/driscoll.gomohealth.care\/es\/wp-json\/wp\/v2\/comments?post=848"}],"version-history":[{"count":2,"href":"https:\/\/driscoll.gomohealth.care\/es\/wp-json\/wp\/v2\/pages\/848\/revisions"}],"predecessor-version":[{"id":850,"href":"https:\/\/driscoll.gomohealth.care\/es\/wp-json\/wp\/v2\/pages\/848\/revisions\/850"}],"wp:attachment":[{"href":"https:\/\/driscoll.gomohealth.care\/es\/wp-json\/wp\/v2\/media?parent=848"}],"curies":[{"name":"wp","href":"https:\/\/api.w.org\/{rel}","templated":true}]}}