{"id":944,"date":"2023-09-14T04:08:58","date_gmt":"2023-09-14T04:08:58","guid":{"rendered":"https:\/\/driscoll.gomohealth.care\/confirmation-getting-to-know-you-prenatal\/"},"modified":"2023-10-10T07:40:54","modified_gmt":"2023-10-10T07:40:54","slug":"thanks","status":"publish","type":"page","link":"https:\/\/driscoll.gomohealth.care\/es\/prenatal-program\/getting-to-know-you\/thanks\/","title":{"rendered":"Confirmation (Getting To Know You &#8211; Prenatal)"},"content":{"rendered":"<div class=\"fusion-fullwidth fullwidth-box fusion-builder-row-1 fusion-flex-container has-pattern-background has-mask-background nonhundred-percent-fullwidth non-hundred-percent-height-scrolling\" style=\"background-color: rgba(255,255,255,0);background-position: center center;background-repeat: no-repeat;border-width: 0px 0px 0px 0px;border-color:#eae9e9;border-style:solid;\" ><div class=\"fusion-builder-row fusion-row fusion-flex-align-items-flex-start\" style=\"max-width:1064.96px;margin-left: calc(-4% \/ 2 );margin-right: calc(-4% \/ 2 );\"><div class=\"fusion-layout-column fusion_builder_column fusion-builder-column-0 fusion_builder_column_1_1 1_1 fusion-flex-column\"><div class=\"fusion-column-wrapper fusion-flex-justify-content-flex-start fusion-content-layout-column\" style=\"background-position:left top;background-repeat:no-repeat;-webkit-background-size:cover;-moz-background-size:cover;-o-background-size:cover;background-size:cover;padding: 0px 0px 0px 0px;\"><div class=\"fusion-text fusion-text-1\"><p>Durante su embarazo recibir\u00e1 de <strong>2 a 5 mensajes por semana<\/strong> del 30241 Pueden aplicarse tarifas por mensajes y datos. Depende del plan de mensajes de texto y de datos de su empresa telef\u00f3nica. Puede cancelar su n\u00famero en cualquier momento enviando <strong>STOP.<\/strong> ambi\u00e9n puede obtener ayuda con el programa de mensajes de texto enviando HELP. No venderemos su informaci\u00f3n ni la utilizaremos para ning\u00fan otro prop\u00f3sito.<\/p>\n<p>Si se siente deprimida, en peligro o si tiene otras necesidades, recuerde: usted no tiene que vivir esto en soledad. Hay muchos profesionales que pueden ayudarla. Comun\u00edquese con uno de estos grupos lo antes posible, a cualquier hora del d\u00eda o de la noche:<\/p>\n<p style=\"text-align: center;\"><strong>L\u00edneas de enfermeras de Driscoll:<\/strong><br \/>\n\u00c1rea de Servicio de Nueces* &#8211; 833-532-0221<br \/>\n\u00c1rea de Servicio de Hidalgo** \u2013 833-532-0231<br \/>\nL\u00ednea nacional de prevenci\u00f3n del suicidio: 800-273-8255<br \/>\nL\u00ednea Nacional de Ayuda contra la Violencia Dom\u00e9stica: 800-799-7233<br \/>\nL\u00ednea directa para v\u00edctimas de abuso de Texas: 800-252-5400 o <a href=\"https:\/\/www.txabusehotline.org\" target=\"_blank\" rel=\"noopener\">https:\/\/www.txabusehotline.org<\/a><br \/>\nTexas 211: 211 o <a href=\"https:\/\/www.211texas.org\/\" target=\"_blank\" rel=\"noopener\">https:\/\/www.211texas.org\/<\/a><br \/>\nPostpartum Support International: <a href=\"https:\/\/www.postpartum.net\/\" target=\"_blank\" rel=\"noopener\">https:\/\/www.postpartum.net\/<\/a><br \/>\nLlamar: 1-800-944-4773 #1 En Espa\u00f1ol o #2 Ingles<br \/>\nTexto en Ingles: 800-944-4773<br \/>\nTexto en Espa\u00f1ol: 971-203-7773<\/p>\n<p>Para obtener apoyo adicional durante su embarazo, le sugerimos que visite Hear Her Texas: <a href=\"https:\/\/www.dshs.texas.gov\/hear-her-texas\" target=\"_blank\" rel=\"noopener\">https:\/\/www.dshs.texas.gov\/hear-her-texas<\/a><\/p>\n<p>* El \u00e1rea de servicio de Nueces incluye estos condados: Aransas, Bee, Brooks, Calhoun, Goliad, Jim Wells, Kames, Kenedy, Kleberg, Live Oak, Nueces, Refugio, San Patricio y Victoria<br \/>\n** El \u00e1rea de servicio de Hidalgo incluye estos condados: Cameron, Duval, Hidalgo, Jim Hogg, Maverick, McMullen, Starr, Webb, Willacy y Zapata<\/p>\n<\/div><\/div><style type=\"text\/css\">.fusion-body .fusion-builder-column-0{width:100% !important;margin-top : 0px;margin-bottom : 20px;}.fusion-builder-column-0 > .fusion-column-wrapper {padding-top : 0px !important;padding-right : 0px !important;margin-right : 1.92%;padding-bottom : 0px !important;padding-left : 0px !important;margin-left : 1.92%;}@media only screen and (max-width:1024px) {.fusion-body .fusion-builder-column-0{width:100% !important;order : 0;}.fusion-builder-column-0 > .fusion-column-wrapper {margin-right : 1.92%;margin-left : 1.92%;}}@media only screen and (max-width:640px) {.fusion-body .fusion-builder-column-0{width:100% !important;order : 0;}.fusion-builder-column-0 > .fusion-column-wrapper {margin-right : 1.92%;margin-left : 1.92%;}}<\/style><\/div><\/div><style type=\"text\/css\">.fusion-body .fusion-flex-container.fusion-builder-row-1{ padding-top : 0px;margin-top : 40px;padding-right : 0px;padding-bottom : 0px;margin-bottom : 0px;padding-left : 0px;}<\/style><\/div>\n","protected":false},"excerpt":{"rendered":"","protected":false},"author":19,"featured_media":0,"parent":947,"menu_order":0,"comment_status":"closed","ping_status":"closed","template":"","meta":[],"yoast_head":"<!-- This site is optimized with the Yoast SEO plugin v19.10 - https:\/\/yoast.com\/wordpress\/plugins\/seo\/ -->\n<title>Confirmation (Getting To Know You - Prenatal) | Driscoll Health Plan<\/title>\n<meta name=\"robots\" content=\"index, follow, max-snippet:-1, max-image-preview:large, max-video-preview:-1\" \/>\n<link rel=\"canonical\" href=\"https:\/\/driscoll.gomohealth.care\/es\/prenatal-program\/getting-to-know-you\/thanks\/\" \/>\n<meta property=\"og:locale\" content=\"es_ES\" \/>\n<meta property=\"og:type\" content=\"article\" \/>\n<meta property=\"og:title\" content=\"Confirmation (Getting To Know You - Prenatal) | Driscoll Health Plan\" \/>\n<meta property=\"og:url\" content=\"https:\/\/driscoll.gomohealth.care\/es\/prenatal-program\/getting-to-know-you\/thanks\/\" \/>\n<meta property=\"og:site_name\" content=\"Driscoll HRAs\" \/>\n<meta property=\"article:modified_time\" content=\"2023-10-10T07:40:54+00:00\" \/>\n<meta name=\"twitter:card\" content=\"summary_large_image\" \/>\n<meta name=\"twitter:label1\" content=\"Tiempo de lectura\" \/>\n\t<meta name=\"twitter:data1\" content=\"3 minutos\" \/>\n<script type=\"application\/ld+json\" class=\"yoast-schema-graph\">{\"@context\":\"https:\/\/schema.org\",\"@graph\":[{\"@type\":\"WebPage\",\"@id\":\"https:\/\/driscoll.gomohealth.care\/es\/prenatal-program\/getting-to-know-you\/thanks\/\",\"url\":\"https:\/\/driscoll.gomohealth.care\/es\/prenatal-program\/getting-to-know-you\/thanks\/\",\"name\":\"Confirmation (Getting To Know You - Prenatal) | Driscoll Health Plan\",\"isPartOf\":{\"@id\":\"https:\/\/driscoll.gomohealth.care\/es\/#website\"},\"datePublished\":\"2023-09-14T04:08:58+00:00\",\"dateModified\":\"2023-10-10T07:40:54+00:00\",\"breadcrumb\":{\"@id\":\"https:\/\/driscoll.gomohealth.care\/es\/prenatal-program\/getting-to-know-you\/thanks\/#breadcrumb\"},\"inLanguage\":\"es\",\"potentialAction\":[{\"@type\":\"ReadAction\",\"target\":[\"https:\/\/driscoll.gomohealth.care\/es\/prenatal-program\/getting-to-know-you\/thanks\/\"]}]},{\"@type\":\"BreadcrumbList\",\"@id\":\"https:\/\/driscoll.gomohealth.care\/es\/prenatal-program\/getting-to-know-you\/thanks\/#breadcrumb\",\"itemListElement\":[{\"@type\":\"ListItem\",\"position\":1,\"name\":\"Home\",\"item\":\"https:\/\/driscoll.gomohealth.care\/es\/\"},{\"@type\":\"ListItem\",\"position\":2,\"name\":\"Prenatal\",\"item\":\"https:\/\/driscoll.gomohealth.care\/es\/prenatal-program\/\"},{\"@type\":\"ListItem\",\"position\":3,\"name\":\"Getting To Know You Survey\",\"item\":\"https:\/\/driscoll.gomohealth.care\/es\/prenatal-program\/getting-to-know-you\/\"},{\"@type\":\"ListItem\",\"position\":4,\"name\":\"Confirmation (Getting To Know You &#8211; Prenatal)\"}]},{\"@type\":\"WebSite\",\"@id\":\"https:\/\/driscoll.gomohealth.care\/es\/#website\",\"url\":\"https:\/\/driscoll.gomohealth.care\/es\/\",\"name\":\"Driscoll HRAs\",\"description\":\"Just another GoMo Health Sites site\",\"potentialAction\":[{\"@type\":\"SearchAction\",\"target\":{\"@type\":\"EntryPoint\",\"urlTemplate\":\"https:\/\/driscoll.gomohealth.care\/es\/?s={search_term_string}\"},\"query-input\":\"required name=search_term_string\"}],\"inLanguage\":\"es\"}]}<\/script>\n<!-- \/ Yoast SEO plugin. -->","yoast_head_json":{"title":"Confirmation (Getting To Know You - Prenatal) | Driscoll Health Plan","robots":{"index":"index","follow":"follow","max-snippet":"max-snippet:-1","max-image-preview":"max-image-preview:large","max-video-preview":"max-video-preview:-1"},"canonical":"https:\/\/driscoll.gomohealth.care\/es\/prenatal-program\/getting-to-know-you\/thanks\/","og_locale":"es_ES","og_type":"article","og_title":"Confirmation (Getting To Know You - Prenatal) | Driscoll Health Plan","og_url":"https:\/\/driscoll.gomohealth.care\/es\/prenatal-program\/getting-to-know-you\/thanks\/","og_site_name":"Driscoll HRAs","article_modified_time":"2023-10-10T07:40:54+00:00","twitter_card":"summary_large_image","twitter_misc":{"Tiempo de lectura":"3 minutos"},"schema":{"@context":"https:\/\/schema.org","@graph":[{"@type":"WebPage","@id":"https:\/\/driscoll.gomohealth.care\/es\/prenatal-program\/getting-to-know-you\/thanks\/","url":"https:\/\/driscoll.gomohealth.care\/es\/prenatal-program\/getting-to-know-you\/thanks\/","name":"Confirmation (Getting To Know You - Prenatal) | Driscoll Health Plan","isPartOf":{"@id":"https:\/\/driscoll.gomohealth.care\/es\/#website"},"datePublished":"2023-09-14T04:08:58+00:00","dateModified":"2023-10-10T07:40:54+00:00","breadcrumb":{"@id":"https:\/\/driscoll.gomohealth.care\/es\/prenatal-program\/getting-to-know-you\/thanks\/#breadcrumb"},"inLanguage":"es","potentialAction":[{"@type":"ReadAction","target":["https:\/\/driscoll.gomohealth.care\/es\/prenatal-program\/getting-to-know-you\/thanks\/"]}]},{"@type":"BreadcrumbList","@id":"https:\/\/driscoll.gomohealth.care\/es\/prenatal-program\/getting-to-know-you\/thanks\/#breadcrumb","itemListElement":[{"@type":"ListItem","position":1,"name":"Home","item":"https:\/\/driscoll.gomohealth.care\/es\/"},{"@type":"ListItem","position":2,"name":"Prenatal","item":"https:\/\/driscoll.gomohealth.care\/es\/prenatal-program\/"},{"@type":"ListItem","position":3,"name":"Getting To Know You Survey","item":"https:\/\/driscoll.gomohealth.care\/es\/prenatal-program\/getting-to-know-you\/"},{"@type":"ListItem","position":4,"name":"Confirmation (Getting To Know You &#8211; Prenatal)"}]},{"@type":"WebSite","@id":"https:\/\/driscoll.gomohealth.care\/es\/#website","url":"https:\/\/driscoll.gomohealth.care\/es\/","name":"Driscoll HRAs","description":"Just another GoMo Health Sites site","potentialAction":[{"@type":"SearchAction","target":{"@type":"EntryPoint","urlTemplate":"https:\/\/driscoll.gomohealth.care\/es\/?s={search_term_string}"},"query-input":"required name=search_term_string"}],"inLanguage":"es"}]}},"_links":{"self":[{"href":"https:\/\/driscoll.gomohealth.care\/es\/wp-json\/wp\/v2\/pages\/944"}],"collection":[{"href":"https:\/\/driscoll.gomohealth.care\/es\/wp-json\/wp\/v2\/pages"}],"about":[{"href":"https:\/\/driscoll.gomohealth.care\/es\/wp-json\/wp\/v2\/types\/page"}],"author":[{"embeddable":true,"href":"https:\/\/driscoll.gomohealth.care\/es\/wp-json\/wp\/v2\/users\/19"}],"replies":[{"embeddable":true,"href":"https:\/\/driscoll.gomohealth.care\/es\/wp-json\/wp\/v2\/comments?post=944"}],"version-history":[{"count":4,"href":"https:\/\/driscoll.gomohealth.care\/es\/wp-json\/wp\/v2\/pages\/944\/revisions"}],"predecessor-version":[{"id":1021,"href":"https:\/\/driscoll.gomohealth.care\/es\/wp-json\/wp\/v2\/pages\/944\/revisions\/1021"}],"up":[{"embeddable":true,"href":"https:\/\/driscoll.gomohealth.care\/es\/wp-json\/wp\/v2\/pages\/947"}],"wp:attachment":[{"href":"https:\/\/driscoll.gomohealth.care\/es\/wp-json\/wp\/v2\/media?parent=944"}],"curies":[{"name":"wp","href":"https:\/\/api.w.org\/{rel}","templated":true}]}}