{"id":978,"date":"2023-09-14T07:33:28","date_gmt":"2023-09-14T07:33:28","guid":{"rendered":"https:\/\/driscoll.gomohealth.care\/prenatal-program\/interim\/confirmation-interim-sorry-prenatal\/"},"modified":"2023-10-10T07:43:18","modified_gmt":"2023-10-10T07:43:18","slug":"sorry","status":"publish","type":"page","link":"https:\/\/driscoll.gomohealth.care\/es\/prenatal-program\/interim\/sorry\/","title":{"rendered":"Confirmation (Interim Sorry &#8211; Prenatal)"},"content":{"rendered":"<div class=\"fusion-fullwidth fullwidth-box fusion-builder-row-1 fusion-flex-container has-pattern-background has-mask-background nonhundred-percent-fullwidth non-hundred-percent-height-scrolling\" style=\"background-color: rgba(255,255,255,0);background-position: center center;background-repeat: no-repeat;border-width: 0px 0px 0px 0px;border-color:#eae9e9;border-style:solid;\" ><div class=\"fusion-builder-row fusion-row fusion-flex-align-items-flex-start\" style=\"max-width:1064.96px;margin-left: calc(-4% \/ 2 );margin-right: calc(-4% \/ 2 );\"><div class=\"fusion-layout-column fusion_builder_column fusion-builder-column-0 fusion_builder_column_1_1 1_1 fusion-flex-column\"><div class=\"fusion-column-wrapper fusion-flex-justify-content-flex-start fusion-content-layout-column\" style=\"background-position:left top;background-repeat:no-repeat;-webkit-background-size:cover;-moz-background-size:cover;-o-background-size:cover;background-size:cover;padding: 0px 0px 0px 0px;\"><div class=\"fusion-text fusion-text-1\"><p>Si tiene preguntas sobre su atenci\u00f3n m\u00e9dica, llame a su administradora de casos o comun\u00edquese con nuestro equipo de atenci\u00f3n m\u00e9dica al 877-324-7543.<\/p>\n<p>Si se siente triste, deprimida, en peligro o si tiene otras necesidades, recuerde: usted no tiene que vivir esto en soledad. Hay muchos profesionales que pueden ayudarla. Comun\u00edquese con uno de estos grupos lo antes posible, a cualquier hora del d\u00eda o de la noche:<\/p>\n<p style=\"text-align: center;\"><strong>L\u00edneas de enfermeras de Driscoll:<\/strong><br \/>\n\u00c1rea de Servicio de Nueces* &#8211; 833-532-0221<br \/>\n\u00c1rea de Servicio de Hidalgo** \u2013 833-532-0231<br \/>\nL\u00ednea nacional de prevenci\u00f3n del suicidio: 800-273-8255<br \/>\nL\u00ednea Nacional de Ayuda contra la Violencia Dom\u00e9stica: 800-799-7233<br \/>\nL\u00ednea directa para v\u00edctimas de abuso de Texas: 800-252-5400 o <a href=\"https:\/\/www.txabusehotline.org\">https:\/\/www.txabusehotline.org<\/a><br \/>\nTexas 211: 211 o <a href=\"https:\/\/www.211texas.org\/\">https:\/\/www.211texas.org\/<\/a><br \/>\nPostpartum Support International: <a href=\"https:\/\/www.postpartum.net\/\">https:\/\/www.postpartum.net\/<\/a><br \/>\nLlamar: 1-800-944-4773 #1 En Espa\u00f1ol o #2 Ingles<br \/>\nTexto en Ingles: 800-944-4773<br \/>\nTexto en Espa\u00f1ol: 971-203-7773<\/p>\n<p>Para obtener apoyo adicional durante su embarazo, le sugerimos que visite Hear Her Texas: <a href=\"https:\/\/www.dshs.texas.gov\/hear-her-texas\">https:\/\/www.dshs.texas.gov\/hear-her-texas<\/a><\/p>\n<p>* El \u00e1rea de servicio de Nueces incluye estos condados: Aransas, Bee, Brooks, Calhoun, Goliad, Jim Wells, Kames, Kenedy, Kleberg, Live Oak, Nueces, Refugio, San Patricio y Victoria<br \/>\n** El \u00e1rea de servicio de Hidalgo incluye estos condados: Cameron, Duval, Hidalgo, Jim Hogg, Maverick, McMullen, Starr, Webb, Willacy y Zapata<\/p>\n<\/div><div class=\"fusion-text fusion-text-2\"><p><strong>IMPORTANTE<\/strong><\/p>\n<p><strong>La informaci\u00f3n provista est\u00e1 destinada \u00fanicamente a su conocimiento general. Este programa no pretende ser un sustituto del consejo, diagn\u00f3stico o tratamiento de un m\u00e9dico profesional y no eval\u00faa si usted debe o no solicitar atenci\u00f3n m\u00e9dica. Solicite siempre el consejo de su m\u00e9dico o de otro proveedor de atenci\u00f3n m\u00e9dica calificado para cualquier pregunta que tenga con respecto a una condici\u00f3n m\u00e9dica o a los medicamentos que est\u00e1 tomando.<\/strong><\/p>\n<\/div><\/div><style type=\"text\/css\">.fusion-body .fusion-builder-column-0{width:100% !important;margin-top : 0px;margin-bottom : 20px;}.fusion-builder-column-0 > .fusion-column-wrapper {padding-top : 0px !important;padding-right : 0px !important;margin-right : 1.92%;padding-bottom : 0px !important;padding-left : 0px !important;margin-left : 1.92%;}@media only screen and (max-width:1024px) {.fusion-body .fusion-builder-column-0{width:100% !important;order : 0;}.fusion-builder-column-0 > .fusion-column-wrapper {margin-right : 1.92%;margin-left : 1.92%;}}@media only screen and (max-width:640px) {.fusion-body .fusion-builder-column-0{width:100% !important;order : 0;}.fusion-builder-column-0 > .fusion-column-wrapper {margin-right : 1.92%;margin-left : 1.92%;}}<\/style><\/div><\/div><style type=\"text\/css\">.fusion-body .fusion-flex-container.fusion-builder-row-1{ padding-top : 0px;margin-top : 40px;padding-right : 0px;padding-bottom : 0px;margin-bottom : 0px;padding-left : 0px;}<\/style><\/div>\n","protected":false},"excerpt":{"rendered":"","protected":false},"author":19,"featured_media":0,"parent":970,"menu_order":0,"comment_status":"closed","ping_status":"closed","template":"","meta":[],"yoast_head":"<!-- This site is optimized with the Yoast SEO plugin v19.10 - https:\/\/yoast.com\/wordpress\/plugins\/seo\/ -->\n<title>Confirmation (Interim Sorry - Prenatal) | Driscoll Health Plan<\/title>\n<meta name=\"robots\" content=\"index, follow, max-snippet:-1, max-image-preview:large, max-video-preview:-1\" \/>\n<link rel=\"canonical\" href=\"https:\/\/driscoll.gomohealth.care\/es\/prenatal-program\/interim\/sorry\/\" \/>\n<meta property=\"og:locale\" content=\"es_ES\" \/>\n<meta property=\"og:type\" content=\"article\" \/>\n<meta property=\"og:title\" content=\"Confirmation (Interim Sorry - Prenatal) | Driscoll Health Plan\" \/>\n<meta property=\"og:url\" content=\"https:\/\/driscoll.gomohealth.care\/es\/prenatal-program\/interim\/sorry\/\" \/>\n<meta property=\"og:site_name\" content=\"Driscoll HRAs\" \/>\n<meta property=\"article:modified_time\" content=\"2023-10-10T07:43:18+00:00\" \/>\n<meta name=\"twitter:card\" content=\"summary_large_image\" \/>\n<meta name=\"twitter:label1\" content=\"Tiempo de lectura\" \/>\n\t<meta name=\"twitter:data1\" content=\"3 minutos\" \/>\n<script type=\"application\/ld+json\" class=\"yoast-schema-graph\">{\"@context\":\"https:\/\/schema.org\",\"@graph\":[{\"@type\":\"WebPage\",\"@id\":\"https:\/\/driscoll.gomohealth.care\/es\/prenatal-program\/interim\/sorry\/\",\"url\":\"https:\/\/driscoll.gomohealth.care\/es\/prenatal-program\/interim\/sorry\/\",\"name\":\"Confirmation (Interim Sorry - Prenatal) | Driscoll Health Plan\",\"isPartOf\":{\"@id\":\"https:\/\/driscoll.gomohealth.care\/es\/#website\"},\"datePublished\":\"2023-09-14T07:33:28+00:00\",\"dateModified\":\"2023-10-10T07:43:18+00:00\",\"breadcrumb\":{\"@id\":\"https:\/\/driscoll.gomohealth.care\/es\/prenatal-program\/interim\/sorry\/#breadcrumb\"},\"inLanguage\":\"es\",\"potentialAction\":[{\"@type\":\"ReadAction\",\"target\":[\"https:\/\/driscoll.gomohealth.care\/es\/prenatal-program\/interim\/sorry\/\"]}]},{\"@type\":\"BreadcrumbList\",\"@id\":\"https:\/\/driscoll.gomohealth.care\/es\/prenatal-program\/interim\/sorry\/#breadcrumb\",\"itemListElement\":[{\"@type\":\"ListItem\",\"position\":1,\"name\":\"Home\",\"item\":\"https:\/\/driscoll.gomohealth.care\/es\/\"},{\"@type\":\"ListItem\",\"position\":2,\"name\":\"Prenatal\",\"item\":\"https:\/\/driscoll.gomohealth.care\/es\/prenatal-program\/\"},{\"@type\":\"ListItem\",\"position\":3,\"name\":\"Prenatal Interim Survey\",\"item\":\"https:\/\/driscoll.gomohealth.care\/es\/prenatal-program\/interim\/\"},{\"@type\":\"ListItem\",\"position\":4,\"name\":\"Confirmation (Interim Sorry &#8211; Prenatal)\"}]},{\"@type\":\"WebSite\",\"@id\":\"https:\/\/driscoll.gomohealth.care\/es\/#website\",\"url\":\"https:\/\/driscoll.gomohealth.care\/es\/\",\"name\":\"Driscoll HRAs\",\"description\":\"Just another GoMo Health Sites site\",\"potentialAction\":[{\"@type\":\"SearchAction\",\"target\":{\"@type\":\"EntryPoint\",\"urlTemplate\":\"https:\/\/driscoll.gomohealth.care\/es\/?s={search_term_string}\"},\"query-input\":\"required name=search_term_string\"}],\"inLanguage\":\"es\"}]}<\/script>\n<!-- \/ Yoast SEO plugin. -->","yoast_head_json":{"title":"Confirmation (Interim Sorry - Prenatal) | Driscoll Health Plan","robots":{"index":"index","follow":"follow","max-snippet":"max-snippet:-1","max-image-preview":"max-image-preview:large","max-video-preview":"max-video-preview:-1"},"canonical":"https:\/\/driscoll.gomohealth.care\/es\/prenatal-program\/interim\/sorry\/","og_locale":"es_ES","og_type":"article","og_title":"Confirmation (Interim Sorry - Prenatal) | Driscoll Health Plan","og_url":"https:\/\/driscoll.gomohealth.care\/es\/prenatal-program\/interim\/sorry\/","og_site_name":"Driscoll HRAs","article_modified_time":"2023-10-10T07:43:18+00:00","twitter_card":"summary_large_image","twitter_misc":{"Tiempo de lectura":"3 minutos"},"schema":{"@context":"https:\/\/schema.org","@graph":[{"@type":"WebPage","@id":"https:\/\/driscoll.gomohealth.care\/es\/prenatal-program\/interim\/sorry\/","url":"https:\/\/driscoll.gomohealth.care\/es\/prenatal-program\/interim\/sorry\/","name":"Confirmation (Interim Sorry - Prenatal) | Driscoll Health Plan","isPartOf":{"@id":"https:\/\/driscoll.gomohealth.care\/es\/#website"},"datePublished":"2023-09-14T07:33:28+00:00","dateModified":"2023-10-10T07:43:18+00:00","breadcrumb":{"@id":"https:\/\/driscoll.gomohealth.care\/es\/prenatal-program\/interim\/sorry\/#breadcrumb"},"inLanguage":"es","potentialAction":[{"@type":"ReadAction","target":["https:\/\/driscoll.gomohealth.care\/es\/prenatal-program\/interim\/sorry\/"]}]},{"@type":"BreadcrumbList","@id":"https:\/\/driscoll.gomohealth.care\/es\/prenatal-program\/interim\/sorry\/#breadcrumb","itemListElement":[{"@type":"ListItem","position":1,"name":"Home","item":"https:\/\/driscoll.gomohealth.care\/es\/"},{"@type":"ListItem","position":2,"name":"Prenatal","item":"https:\/\/driscoll.gomohealth.care\/es\/prenatal-program\/"},{"@type":"ListItem","position":3,"name":"Prenatal Interim Survey","item":"https:\/\/driscoll.gomohealth.care\/es\/prenatal-program\/interim\/"},{"@type":"ListItem","position":4,"name":"Confirmation (Interim Sorry &#8211; Prenatal)"}]},{"@type":"WebSite","@id":"https:\/\/driscoll.gomohealth.care\/es\/#website","url":"https:\/\/driscoll.gomohealth.care\/es\/","name":"Driscoll HRAs","description":"Just another GoMo Health Sites site","potentialAction":[{"@type":"SearchAction","target":{"@type":"EntryPoint","urlTemplate":"https:\/\/driscoll.gomohealth.care\/es\/?s={search_term_string}"},"query-input":"required name=search_term_string"}],"inLanguage":"es"}]}},"_links":{"self":[{"href":"https:\/\/driscoll.gomohealth.care\/es\/wp-json\/wp\/v2\/pages\/978"}],"collection":[{"href":"https:\/\/driscoll.gomohealth.care\/es\/wp-json\/wp\/v2\/pages"}],"about":[{"href":"https:\/\/driscoll.gomohealth.care\/es\/wp-json\/wp\/v2\/types\/page"}],"author":[{"embeddable":true,"href":"https:\/\/driscoll.gomohealth.care\/es\/wp-json\/wp\/v2\/users\/19"}],"replies":[{"embeddable":true,"href":"https:\/\/driscoll.gomohealth.care\/es\/wp-json\/wp\/v2\/comments?post=978"}],"version-history":[{"count":4,"href":"https:\/\/driscoll.gomohealth.care\/es\/wp-json\/wp\/v2\/pages\/978\/revisions"}],"predecessor-version":[{"id":1027,"href":"https:\/\/driscoll.gomohealth.care\/es\/wp-json\/wp\/v2\/pages\/978\/revisions\/1027"}],"up":[{"embeddable":true,"href":"https:\/\/driscoll.gomohealth.care\/es\/wp-json\/wp\/v2\/pages\/970"}],"wp:attachment":[{"href":"https:\/\/driscoll.gomohealth.care\/es\/wp-json\/wp\/v2\/media?parent=978"}],"curies":[{"name":"wp","href":"https:\/\/api.w.org\/{rel}","templated":true}]}}